{"id":1098,"date":"2025-09-17T10:02:46","date_gmt":"2025-09-17T10:02:46","guid":{"rendered":"https:\/\/scantech25.webshow.me\/?page_id=1098"},"modified":"2025-09-17T11:33:35","modified_gmt":"2025-09-17T11:33:35","slug":"vorschubsysteme","status":"publish","type":"page","link":"https:\/\/scantech25.webshow.me\/index.php\/vorschubsysteme\/","title":{"rendered":"Vorschubsysteme"},"content":{"rendered":"\t\t<div data-elementor-type=\"wp-page\" data-elementor-id=\"1098\" class=\"elementor elementor-1098\" data-elementor-post-type=\"page\">\n\t\t\t\t<div class=\"elementor-element elementor-element-b393af7 e-con-full e-flex e-con e-parent\" data-id=\"b393af7\" data-element_type=\"container\">\n\t\t\t\t<div class=\"elementor-element elementor-element-55caddf elementor-widget elementor-widget-heading\" data-id=\"55caddf\" data-element_type=\"widget\" data-widget_type=\"heading.default\">\n\t\t\t\t\t<h1 class=\"elementor-heading-title elementor-size-default\">Regalsysteme f\u00fcr den individuellen Bedarf<\/h1>\t\t\t\t<\/div>\n\t\t\t\t<div class=\"elementor-element elementor-element-f9ef428 elementor-widget elementor-widget-text-editor\" data-id=\"f9ef428\" data-element_type=\"widget\" data-widget_type=\"text-editor.default\">\n\t\t\t\t\t\t\t\t\t<p style=\"text-align: center;\">Die Auswahl des richtigen K\u00fchlsystems sollte daher sorgf\u00e4ltig und stets auch aus der Kundenperspektive getroffen werden; dann ergibt sich daraus eine lohnenswerte Investition, die sich innerhalb k\u00fcrzester Zeit amortisiert.<\/p>\t\t\t\t\t\t\t\t<\/div>\n\t\t\t\t<\/div>\n\t\t<div class=\"elementor-element elementor-element-162575fd e-con-full e-flex e-con e-parent\" data-id=\"162575fd\" data-element_type=\"container\" data-settings=\"{&quot;background_background&quot;:&quot;classic&quot;}\">\n\t\t<div class=\"elementor-element elementor-element-6089ba91 e-con-full e-flex e-con e-child\" data-id=\"6089ba91\" data-element_type=\"container\">\n\t\t<div class=\"elementor-element elementor-element-6e732006 e-con-full e-flex e-con e-child\" data-id=\"6e732006\" data-element_type=\"container\">\n\t\t\t\t<div class=\"elementor-element elementor-element-664b13d6 elementor-widget elementor-widget-heading\" data-id=\"664b13d6\" data-element_type=\"widget\" data-widget_type=\"heading.default\">\n\t\t\t\t\t<h3 class=\"elementor-heading-title elementor-size-default\">Scanloader<\/h3>\t\t\t\t<\/div>\n\t\t<div class=\"elementor-element elementor-element-128f5951 e-con-full e-flex e-con e-child\" data-id=\"128f5951\" data-element_type=\"container\">\n\t\t\t\t<div class=\"elementor-element elementor-element-3f6b3b17 elementor-align-left elementor-mobile-align-center elementor-widget elementor-widget-button\" data-id=\"3f6b3b17\" data-element_type=\"widget\" data-widget_type=\"button.default\">\n\t\t\t\t\t\t\t\t\t\t<a class=\"elementor-button elementor-button-link elementor-size-sm elementor-animation-grow\" href=\"https:\/\/scantech25.webshow.me\/index.php\/scanloader\/\">\n\t\t\t\t\t\t<span class=\"elementor-button-content-wrapper\">\n\t\t\t\t\t\t\t\t\t<span class=\"elementor-button-text\">Mehr Infos &gt;&gt;<\/span>\n\t\t\t\t\t<\/span>\n\t\t\t\t\t<\/a>\n\t\t\t\t\t\t\t\t<\/div>\n\t\t\t\t<\/div>\n\t\t\t\t<\/div>\n\t\t<div class=\"elementor-element elementor-element-46a0443e e-con-full e-flex e-con e-child\" data-id=\"46a0443e\" data-element_type=\"container\" data-settings=\"{&quot;background_background&quot;:&quot;classic&quot;}\">\n\t\t\t\t<\/div>\n\t\t\t\t<\/div>\n\t\t<div class=\"elementor-element elementor-element-1d27b83b e-con-full e-flex e-con e-child\" data-id=\"1d27b83b\" data-element_type=\"container\">\n\t\t<div class=\"elementor-element elementor-element-1fb628f5 e-con-full e-flex e-con e-child\" data-id=\"1fb628f5\" data-element_type=\"container\">\n\t\t\t\t<div class=\"elementor-element elementor-element-033aadf elementor-widget elementor-widget-heading\" data-id=\"033aadf\" data-element_type=\"widget\" data-widget_type=\"heading.default\">\n\t\t\t\t\t<h3 class=\"elementor-heading-title elementor-size-default\">Backloader<\/h3>\t\t\t\t<\/div>\n\t\t<div class=\"elementor-element elementor-element-6bf35bb8 e-con-full e-flex e-con e-child\" data-id=\"6bf35bb8\" data-element_type=\"container\">\n\t\t\t\t<div class=\"elementor-element elementor-element-50555ca elementor-align-left elementor-mobile-align-center elementor-widget elementor-widget-button\" data-id=\"50555ca\" data-element_type=\"widget\" data-widget_type=\"button.default\">\n\t\t\t\t\t\t\t\t\t\t<a class=\"elementor-button elementor-button-link elementor-size-sm elementor-animation-grow\" href=\"#\">\n\t\t\t\t\t\t<span class=\"elementor-button-content-wrapper\">\n\t\t\t\t\t\t\t\t\t<span class=\"elementor-button-text\">Mehr Infos &gt;&gt;<\/span>\n\t\t\t\t\t<\/span>\n\t\t\t\t\t<\/a>\n\t\t\t\t\t\t\t\t<\/div>\n\t\t\t\t<\/div>\n\t\t\t\t<\/div>\n\t\t<div class=\"elementor-element elementor-element-6098f2 e-con-full e-flex e-con e-child\" data-id=\"6098f2\" data-element_type=\"container\" data-settings=\"{&quot;background_background&quot;:&quot;classic&quot;}\">\n\t\t\t\t<\/div>\n\t\t\t\t<\/div>\n\t\t<div class=\"elementor-element elementor-element-683e00c3 e-con-full e-flex e-con e-child\" data-id=\"683e00c3\" data-element_type=\"container\">\n\t\t<div class=\"elementor-element elementor-element-2147523f e-con-full e-flex e-con e-child\" data-id=\"2147523f\" data-element_type=\"container\">\n\t\t\t\t<div class=\"elementor-element elementor-element-250f6b2 elementor-widget elementor-widget-heading\" data-id=\"250f6b2\" data-element_type=\"widget\" data-widget_type=\"heading.default\">\n\t\t\t\t\t<h3 class=\"elementor-heading-title elementor-size-default\">Konsolen-Etagen<\/h3>\t\t\t\t<\/div>\n\t\t<div class=\"elementor-element elementor-element-41c507d7 e-con-full e-flex e-con e-child\" data-id=\"41c507d7\" data-element_type=\"container\">\n\t\t\t\t<div class=\"elementor-element elementor-element-850820e elementor-align-left elementor-mobile-align-center elementor-widget elementor-widget-button\" data-id=\"850820e\" data-element_type=\"widget\" data-widget_type=\"button.default\">\n\t\t\t\t\t\t\t\t\t\t<a class=\"elementor-button elementor-button-link elementor-size-sm elementor-animation-grow\" href=\"#\">\n\t\t\t\t\t\t<span class=\"elementor-button-content-wrapper\">\n\t\t\t\t\t\t\t\t\t<span class=\"elementor-button-text\">Mehr Infos &gt;&gt;<\/span>\n\t\t\t\t\t<\/span>\n\t\t\t\t\t<\/a>\n\t\t\t\t\t\t\t\t<\/div>\n\t\t\t\t<\/div>\n\t\t\t\t<\/div>\n\t\t<div class=\"elementor-element elementor-element-5085a2c9 e-con-full e-flex e-con e-child\" data-id=\"5085a2c9\" data-element_type=\"container\" data-settings=\"{&quot;background_background&quot;:&quot;classic&quot;}\">\n\t\t\t\t<\/div>\n\t\t\t\t<\/div>\n\t\t<div class=\"elementor-element elementor-element-5bba44d7 e-con-full e-flex e-con e-child\" data-id=\"5bba44d7\" data-element_type=\"container\">\n\t\t<div class=\"elementor-element elementor-element-5fb8145e e-con-full e-flex e-con e-child\" data-id=\"5fb8145e\" data-element_type=\"container\">\n\t\t\t\t<div class=\"elementor-element elementor-element-4a5f1ce elementor-widget elementor-widget-heading\" data-id=\"4a5f1ce\" data-element_type=\"widget\" data-widget_type=\"heading.default\">\n\t\t\t\t\t<h3 class=\"elementor-heading-title elementor-size-default\">Konsolen-Etagen<\/h3>\t\t\t\t<\/div>\n\t\t<div class=\"elementor-element elementor-element-304f836f e-con-full e-flex e-con e-child\" data-id=\"304f836f\" data-element_type=\"container\">\n\t\t\t\t<div class=\"elementor-element elementor-element-32bcc15 elementor-align-left elementor-mobile-align-center elementor-widget elementor-widget-button\" data-id=\"32bcc15\" data-element_type=\"widget\" data-widget_type=\"button.default\">\n\t\t\t\t\t\t\t\t\t\t<a class=\"elementor-button elementor-button-link elementor-size-sm elementor-animation-grow\" href=\"#\">\n\t\t\t\t\t\t<span class=\"elementor-button-content-wrapper\">\n\t\t\t\t\t\t\t\t\t<span class=\"elementor-button-text\">Mehr Infos &gt;&gt;<\/span>\n\t\t\t\t\t<\/span>\n\t\t\t\t\t<\/a>\n\t\t\t\t\t\t\t\t<\/div>\n\t\t\t\t<\/div>\n\t\t\t\t<\/div>\n\t\t<div class=\"elementor-element elementor-element-1b665e94 e-con-full e-flex e-con e-child\" data-id=\"1b665e94\" data-element_type=\"container\" data-settings=\"{&quot;background_background&quot;:&quot;classic&quot;}\">\n\t\t\t\t<\/div>\n\t\t\t\t<\/div>\n\t\t\t\t<\/div>\n\t\t<div class=\"elementor-element elementor-element-4e81e83 e-con-full e-flex e-con e-parent\" data-id=\"4e81e83\" data-element_type=\"container\">\n\t\t\t\t<div class=\"elementor-element elementor-element-291f038 elementor-align-center elementor-widget elementor-widget-button\" data-id=\"291f038\" data-element_type=\"widget\" data-widget_type=\"button.default\">\n\t\t\t\t\t\t\t\t\t\t<a class=\"elementor-button elementor-button-link elementor-size-sm\" href=\"https:\/\/scantech25.webshow.me\/index.php\/vorteile\/\">\n\t\t\t\t\t\t<span class=\"elementor-button-content-wrapper\">\n\t\t\t\t\t\t\t\t\t<span class=\"elementor-button-text\">Lernen Sie die Vorteile unserer Systeme kennen<\/span>\n\t\t\t\t\t<\/span>\n\t\t\t\t\t<\/a>\n\t\t\t\t\t\t\t\t<\/div>\n\t\t\t\t<\/div>\n\t\t\t\t<\/div>\n\t\t","protected":false},"excerpt":{"rendered":"<p>Regalsysteme f\u00fcr den individuellen Bedarf Die Auswahl des richtigen K\u00fchlsystems sollte daher sorgf\u00e4ltig und stets auch aus der Kundenperspektive getroffen werden; dann ergibt sich daraus eine lohnenswerte Investition, die sich innerhalb k\u00fcrzester Zeit amortisiert. Scanloader Mehr Infos &gt;&gt; Backloader Mehr Infos &gt;&gt; Konsolen-Etagen Mehr Infos &gt;&gt; Konsolen-Etagen Mehr Infos &gt;&gt; Lernen Sie die Vorteile unserer [&hellip;]<\/p>\n","protected":false},"author":1,"featured_media":0,"parent":0,"menu_order":0,"comment_status":"closed","ping_status":"closed","template":"","meta":{"ocean_post_layout":"","ocean_both_sidebars_style":"","ocean_both_sidebars_content_width":0,"ocean_both_sidebars_sidebars_width":0,"ocean_sidebar":"","ocean_second_sidebar":"","ocean_disable_margins":"enable","ocean_add_body_class":"","ocean_shortcode_before_top_bar":"","ocean_shortcode_after_top_bar":"","ocean_shortcode_before_header":"","ocean_shortcode_after_header":"","ocean_has_shortcode":"","ocean_shortcode_after_title":"","ocean_shortcode_before_footer_widgets":"","ocean_shortcode_after_footer_widgets":"","ocean_shortcode_before_footer_bottom":"","ocean_shortcode_after_footer_bottom":"","ocean_display_top_bar":"default","ocean_display_header":"default","ocean_header_style":"","ocean_center_header_left_menu":"","ocean_custom_header_template":"","ocean_custom_logo":0,"ocean_custom_retina_logo":0,"ocean_custom_logo_max_width":0,"ocean_custom_logo_tablet_max_width":0,"ocean_custom_logo_mobile_max_width":0,"ocean_custom_logo_max_height":0,"ocean_custom_logo_tablet_max_height":0,"ocean_custom_logo_mobile_max_height":0,"ocean_header_custom_menu":"","ocean_menu_typo_font_family":"","ocean_menu_typo_font_subset":"","ocean_menu_typo_font_size":0,"ocean_menu_typo_font_size_tablet":0,"ocean_menu_typo_font_size_mobile":0,"ocean_menu_typo_font_size_unit":"px","ocean_menu_typo_font_weight":"","ocean_menu_typo_font_weight_tablet":"","ocean_menu_typo_font_weight_mobile":"","ocean_menu_typo_transform":"","ocean_menu_typo_transform_tablet":"","ocean_menu_typo_transform_mobile":"","ocean_menu_typo_line_height":0,"ocean_menu_typo_line_height_tablet":0,"ocean_menu_typo_line_height_mobile":0,"ocean_menu_typo_line_height_unit":"","ocean_menu_typo_spacing":0,"ocean_menu_typo_spacing_tablet":0,"ocean_menu_typo_spacing_mobile":0,"ocean_menu_typo_spacing_unit":"","ocean_menu_link_color":"","ocean_menu_link_color_hover":"","ocean_menu_link_color_active":"","ocean_menu_link_background":"","ocean_menu_link_hover_background":"","ocean_menu_link_active_background":"","ocean_menu_social_links_bg":"","ocean_menu_social_hover_links_bg":"","ocean_menu_social_links_color":"","ocean_menu_social_hover_links_color":"","ocean_disable_title":"default","ocean_disable_heading":"default","ocean_post_title":"","ocean_post_subheading":"","ocean_post_title_style":"","ocean_post_title_background_color":"","ocean_post_title_background":0,"ocean_post_title_bg_image_position":"","ocean_post_title_bg_image_attachment":"","ocean_post_title_bg_image_repeat":"","ocean_post_title_bg_image_size":"","ocean_post_title_height":0,"ocean_post_title_bg_overlay":0.5,"ocean_post_title_bg_overlay_color":"","ocean_disable_breadcrumbs":"default","ocean_breadcrumbs_color":"","ocean_breadcrumbs_separator_color":"","ocean_breadcrumbs_links_color":"","ocean_breadcrumbs_links_hover_color":"","ocean_display_footer_widgets":"default","ocean_display_footer_bottom":"default","ocean_custom_footer_template":"","footnotes":""},"class_list":["post-1098","page","type-page","status-publish","hentry","entry"],"_links":{"self":[{"href":"https:\/\/scantech25.webshow.me\/index.php\/wp-json\/wp\/v2\/pages\/1098","targetHints":{"allow":["GET"]}}],"collection":[{"href":"https:\/\/scantech25.webshow.me\/index.php\/wp-json\/wp\/v2\/pages"}],"about":[{"href":"https:\/\/scantech25.webshow.me\/index.php\/wp-json\/wp\/v2\/types\/page"}],"author":[{"embeddable":true,"href":"https:\/\/scantech25.webshow.me\/index.php\/wp-json\/wp\/v2\/users\/1"}],"replies":[{"embeddable":true,"href":"https:\/\/scantech25.webshow.me\/index.php\/wp-json\/wp\/v2\/comments?post=1098"}],"version-history":[{"count":10,"href":"https:\/\/scantech25.webshow.me\/index.php\/wp-json\/wp\/v2\/pages\/1098\/revisions"}],"predecessor-version":[{"id":1136,"href":"https:\/\/scantech25.webshow.me\/index.php\/wp-json\/wp\/v2\/pages\/1098\/revisions\/1136"}],"wp:attachment":[{"href":"https:\/\/scantech25.webshow.me\/index.php\/wp-json\/wp\/v2\/media?parent=1098"}],"curies":[{"name":"wp","href":"https:\/\/api.w.org\/{rel}","templated":true}]}}