{"id":1117,"date":"2025-09-17T11:10:20","date_gmt":"2025-09-17T11:10:20","guid":{"rendered":"https:\/\/scantech25.webshow.me\/?page_id=1117"},"modified":"2025-09-17T12:29:21","modified_gmt":"2025-09-17T12:29:21","slug":"scanloader","status":"publish","type":"page","link":"https:\/\/scantech25.webshow.me\/index.php\/scanloader\/","title":{"rendered":"Scanloader"},"content":{"rendered":"\t\t<div data-elementor-type=\"wp-page\" data-elementor-id=\"1117\" class=\"elementor elementor-1117\" data-elementor-post-type=\"page\">\n\t\t\t\t<div class=\"elementor-element elementor-element-b393af7 e-con-full e-flex e-con e-parent\" data-id=\"b393af7\" data-element_type=\"container\">\n\t\t\t\t<div class=\"elementor-element elementor-element-55caddf elementor-widget elementor-widget-heading\" data-id=\"55caddf\" data-element_type=\"widget\" data-widget_type=\"heading.default\">\n\t\t\t\t\t<h1 class=\"elementor-heading-title elementor-size-default\">Scanloader - das effiziente Vorschubsystem<\/h1>\t\t\t\t<\/div>\n\t\t\t\t<div class=\"elementor-element elementor-element-f9ef428 elementor-widget elementor-widget-text-editor\" data-id=\"f9ef428\" data-element_type=\"widget\" data-widget_type=\"text-editor.default\">\n\t\t\t\t\t\t\t\t\t<p style=\"text-align: center;\">Der Scanloader gilt als das derzeit wohl effizienteste Vorschub-Regalsystem auf dem Markt. Er bietet eine haltbare L\u00f6sung mit starker Pr\u00e4sentation, w\u00e4hrend die Bearbeitungskosten und der Personalbedarf effektiv gesenkt werden.<\/p>\t\t\t\t\t\t\t\t<\/div>\n\t\t\t\t<\/div>\n\t\t<div class=\"elementor-element elementor-element-7dbf66e e-con-full e-flex e-con e-parent\" data-id=\"7dbf66e\" data-element_type=\"container\">\n\t\t\t\t<div class=\"elementor-element elementor-element-23ed426 elementor-widget elementor-widget-gallery\" data-id=\"23ed426\" data-element_type=\"widget\" data-settings=\"{&quot;gap&quot;:{&quot;unit&quot;:&quot;px&quot;,&quot;size&quot;:30,&quot;sizes&quot;:[]},&quot;aspect_ratio&quot;:&quot;4:3&quot;,&quot;overlay_description&quot;:&quot;description&quot;,&quot;lazyload&quot;:&quot;yes&quot;,&quot;gallery_layout&quot;:&quot;grid&quot;,&quot;columns&quot;:4,&quot;columns_tablet&quot;:2,&quot;columns_mobile&quot;:1,&quot;gap_tablet&quot;:{&quot;unit&quot;:&quot;px&quot;,&quot;size&quot;:10,&quot;sizes&quot;:[]},&quot;gap_mobile&quot;:{&quot;unit&quot;:&quot;px&quot;,&quot;size&quot;:10,&quot;sizes&quot;:[]},&quot;link_to&quot;:&quot;file&quot;,&quot;overlay_background&quot;:&quot;yes&quot;,&quot;content_hover_animation&quot;:&quot;fade-in&quot;}\" data-widget_type=\"gallery.default\">\n\t\t\t\t\t\t\t<div class=\"elementor-gallery__container\">\n\t\t\t\t\t\t\t<a class=\"e-gallery-item elementor-gallery-item elementor-animated-content\" href=\"https:\/\/scantech25.webshow.me\/wp-content\/uploads\/2025\/09\/scanloader1.jpg\" data-elementor-open-lightbox=\"yes\" data-elementor-lightbox-slideshow=\"23ed426\" data-elementor-lightbox-title=\"scanloader1\" data-e-action-hash=\"#elementor-action%3Aaction%3Dlightbox%26settings%3DeyJpZCI6MTEyMCwidXJsIjoiaHR0cHM6XC9cL3NjYW50ZWNoMjUud2Vic2hvdy5tZVwvd3AtY29udGVudFwvdXBsb2Fkc1wvMjAyNVwvMDlcL3NjYW5sb2FkZXIxLmpwZyIsInNsaWRlc2hvdyI6IjIzZWQ0MjYifQ%3D%3D\">\n\t\t\t\t\t<div class=\"e-gallery-image elementor-gallery-item__image\" data-thumbnail=\"https:\/\/scantech25.webshow.me\/wp-content\/uploads\/2025\/09\/scanloader1.jpg\" data-width=\"1200\" data-height=\"795\" aria-label=\"\" role=\"img\" ><\/div>\n\t\t\t\t\t\t\t\t\t\t\t<div class=\"elementor-gallery-item__overlay\"><\/div>\n\t\t\t\t\t\t\t\t\t\t\t\t\t\t\t<div class=\"elementor-gallery-item__content\">\n\t\t\t\t\t\t\t\t\t\t\t<\/div>\n\t\t\t\t\t\t\t\t\t<\/a>\n\t\t\t\t\t\t\t<a class=\"e-gallery-item elementor-gallery-item elementor-animated-content\" href=\"https:\/\/scantech25.webshow.me\/wp-content\/uploads\/2025\/09\/scanloader2.jpg\" data-elementor-open-lightbox=\"yes\" data-elementor-lightbox-slideshow=\"23ed426\" data-elementor-lightbox-title=\"scanloader2\" data-e-action-hash=\"#elementor-action%3Aaction%3Dlightbox%26settings%3DeyJpZCI6MTEyMSwidXJsIjoiaHR0cHM6XC9cL3NjYW50ZWNoMjUud2Vic2hvdy5tZVwvd3AtY29udGVudFwvdXBsb2Fkc1wvMjAyNVwvMDlcL3NjYW5sb2FkZXIyLmpwZyIsInNsaWRlc2hvdyI6IjIzZWQ0MjYifQ%3D%3D\">\n\t\t\t\t\t<div class=\"e-gallery-image elementor-gallery-item__image\" data-thumbnail=\"https:\/\/scantech25.webshow.me\/wp-content\/uploads\/2025\/09\/scanloader2.jpg\" data-width=\"1200\" data-height=\"800\" aria-label=\"\" role=\"img\" ><\/div>\n\t\t\t\t\t\t\t\t\t\t\t<div class=\"elementor-gallery-item__overlay\"><\/div>\n\t\t\t\t\t\t\t\t\t\t\t\t\t\t\t<div class=\"elementor-gallery-item__content\">\n\t\t\t\t\t\t\t\t\t\t\t<\/div>\n\t\t\t\t\t\t\t\t\t<\/a>\n\t\t\t\t\t\t\t<a class=\"e-gallery-item elementor-gallery-item elementor-animated-content\" href=\"https:\/\/scantech25.webshow.me\/wp-content\/uploads\/2025\/09\/scanloader3.jpg\" data-elementor-open-lightbox=\"yes\" data-elementor-lightbox-slideshow=\"23ed426\" data-elementor-lightbox-title=\"scanloader3\" data-e-action-hash=\"#elementor-action%3Aaction%3Dlightbox%26settings%3DeyJpZCI6MTEyMiwidXJsIjoiaHR0cHM6XC9cL3NjYW50ZWNoMjUud2Vic2hvdy5tZVwvd3AtY29udGVudFwvdXBsb2Fkc1wvMjAyNVwvMDlcL3NjYW5sb2FkZXIzLmpwZyIsInNsaWRlc2hvdyI6IjIzZWQ0MjYifQ%3D%3D\">\n\t\t\t\t\t<div class=\"e-gallery-image elementor-gallery-item__image\" data-thumbnail=\"https:\/\/scantech25.webshow.me\/wp-content\/uploads\/2025\/09\/scanloader3.jpg\" data-width=\"1200\" data-height=\"900\" aria-label=\"\" role=\"img\" ><\/div>\n\t\t\t\t\t\t\t\t\t\t\t<div class=\"elementor-gallery-item__overlay\"><\/div>\n\t\t\t\t\t\t\t\t\t\t\t\t\t\t\t<div class=\"elementor-gallery-item__content\">\n\t\t\t\t\t\t\t\t\t\t\t<\/div>\n\t\t\t\t\t\t\t\t\t<\/a>\n\t\t\t\t\t\t\t<a class=\"e-gallery-item elementor-gallery-item elementor-animated-content\" href=\"https:\/\/scantech25.webshow.me\/wp-content\/uploads\/2025\/09\/scanloader4.jpg\" data-elementor-open-lightbox=\"yes\" data-elementor-lightbox-slideshow=\"23ed426\" data-elementor-lightbox-title=\"scanloader4\" data-e-action-hash=\"#elementor-action%3Aaction%3Dlightbox%26settings%3DeyJpZCI6MTEyMywidXJsIjoiaHR0cHM6XC9cL3NjYW50ZWNoMjUud2Vic2hvdy5tZVwvd3AtY29udGVudFwvdXBsb2Fkc1wvMjAyNVwvMDlcL3NjYW5sb2FkZXI0LmpwZyIsInNsaWRlc2hvdyI6IjIzZWQ0MjYifQ%3D%3D\">\n\t\t\t\t\t<div class=\"e-gallery-image elementor-gallery-item__image\" data-thumbnail=\"https:\/\/scantech25.webshow.me\/wp-content\/uploads\/2025\/09\/scanloader4.jpg\" data-width=\"533\" data-height=\"800\" aria-label=\"\" role=\"img\" ><\/div>\n\t\t\t\t\t\t\t\t\t\t\t<div class=\"elementor-gallery-item__overlay\"><\/div>\n\t\t\t\t\t\t\t\t\t\t\t\t\t\t\t<div class=\"elementor-gallery-item__content\">\n\t\t\t\t\t\t\t\t\t\t\t<\/div>\n\t\t\t\t\t\t\t\t\t<\/a>\n\t\t\t\t\t\t\t<a class=\"e-gallery-item elementor-gallery-item elementor-animated-content\" href=\"https:\/\/scantech25.webshow.me\/wp-content\/uploads\/2025\/09\/scanloader5.jpg\" data-elementor-open-lightbox=\"yes\" data-elementor-lightbox-slideshow=\"23ed426\" data-elementor-lightbox-title=\"scanloader5\" data-e-action-hash=\"#elementor-action%3Aaction%3Dlightbox%26settings%3DeyJpZCI6MTEyNCwidXJsIjoiaHR0cHM6XC9cL3NjYW50ZWNoMjUud2Vic2hvdy5tZVwvd3AtY29udGVudFwvdXBsb2Fkc1wvMjAyNVwvMDlcL3NjYW5sb2FkZXI1LmpwZyIsInNsaWRlc2hvdyI6IjIzZWQ0MjYifQ%3D%3D\">\n\t\t\t\t\t<div class=\"e-gallery-image elementor-gallery-item__image\" data-thumbnail=\"https:\/\/scantech25.webshow.me\/wp-content\/uploads\/2025\/09\/scanloader5.jpg\" data-width=\"529\" data-height=\"800\" aria-label=\"\" role=\"img\" ><\/div>\n\t\t\t\t\t\t\t\t\t\t\t<div class=\"elementor-gallery-item__overlay\"><\/div>\n\t\t\t\t\t\t\t\t\t\t\t\t\t\t\t<div class=\"elementor-gallery-item__content\">\n\t\t\t\t\t\t\t\t\t\t\t<\/div>\n\t\t\t\t\t\t\t\t\t<\/a>\n\t\t\t\t\t\t\t<a class=\"e-gallery-item elementor-gallery-item elementor-animated-content\" href=\"https:\/\/scantech25.webshow.me\/wp-content\/uploads\/2025\/09\/scanloader6.jpg\" data-elementor-open-lightbox=\"yes\" data-elementor-lightbox-slideshow=\"23ed426\" data-elementor-lightbox-title=\"scanloader6\" data-e-action-hash=\"#elementor-action%3Aaction%3Dlightbox%26settings%3DeyJpZCI6MTEyNSwidXJsIjoiaHR0cHM6XC9cL3NjYW50ZWNoMjUud2Vic2hvdy5tZVwvd3AtY29udGVudFwvdXBsb2Fkc1wvMjAyNVwvMDlcL3NjYW5sb2FkZXI2LmpwZyIsInNsaWRlc2hvdyI6IjIzZWQ0MjYifQ%3D%3D\">\n\t\t\t\t\t<div class=\"e-gallery-image elementor-gallery-item__image\" data-thumbnail=\"https:\/\/scantech25.webshow.me\/wp-content\/uploads\/2025\/09\/scanloader6.jpg\" data-width=\"527\" data-height=\"800\" aria-label=\"\" role=\"img\" ><\/div>\n\t\t\t\t\t\t\t\t\t\t\t<div class=\"elementor-gallery-item__overlay\"><\/div>\n\t\t\t\t\t\t\t\t\t\t\t\t\t\t\t<div class=\"elementor-gallery-item__content\">\n\t\t\t\t\t\t\t\t\t\t\t<\/div>\n\t\t\t\t\t\t\t\t\t<\/a>\n\t\t\t\t\t<\/div>\n\t\t\t\t\t<\/div>\n\t\t\t\t<\/div>\n\t\t<div class=\"elementor-element elementor-element-60ffcc77 e-con-full e-flex e-con e-parent\" data-id=\"60ffcc77\" data-element_type=\"container\">\n\t\t\t\t<div class=\"elementor-element elementor-element-3af9173d elementor-widget elementor-widget-heading\" data-id=\"3af9173d\" data-element_type=\"widget\" data-widget_type=\"heading.default\">\n\t\t\t\t\t<h1 class=\"elementor-heading-title elementor-size-default\">Genau richtig f\u00fcr Ihren Bedarf<\/h1>\t\t\t\t<\/div>\n\t\t\t\t<\/div>\n\t\t<div class=\"elementor-element elementor-element-5881b14b e-con-full e-flex e-con e-parent\" data-id=\"5881b14b\" data-element_type=\"container\" data-settings=\"{&quot;background_background&quot;:&quot;classic&quot;}\">\n\t\t<div class=\"elementor-element elementor-element-7c631835 e-con-full e-flex e-con e-child\" data-id=\"7c631835\" data-element_type=\"container\">\n\t\t<div class=\"elementor-element elementor-element-39593275 e-con-full e-flex e-con e-child\" data-id=\"39593275\" data-element_type=\"container\">\n\t\t\t\t<div class=\"elementor-element elementor-element-4f8e6a36 elementor-widget elementor-widget-heading\" data-id=\"4f8e6a36\" data-element_type=\"widget\" data-widget_type=\"heading.default\">\n\t\t\t\t\t<h3 class=\"elementor-heading-title elementor-size-default\">Cash &amp; Carry<\/h3>\t\t\t\t<\/div>\n\t\t<div class=\"elementor-element elementor-element-6a882fef e-con-full e-flex e-con e-child\" data-id=\"6a882fef\" data-element_type=\"container\">\n\t\t\t\t<div class=\"elementor-element elementor-element-14e8bdf7 elementor-align-left elementor-mobile-align-center elementor-widget elementor-widget-button\" data-id=\"14e8bdf7\" data-element_type=\"widget\" data-widget_type=\"button.default\">\n\t\t\t\t\t\t\t\t\t\t<a class=\"elementor-button elementor-button-link elementor-size-sm elementor-animation-grow\" href=\"https:\/\/scantech25.webshow.me\/index.php\/cash-carry\/\">\n\t\t\t\t\t\t<span class=\"elementor-button-content-wrapper\">\n\t\t\t\t\t\t\t\t\t<span class=\"elementor-button-text\">Mehr Infos &gt;&gt;<\/span>\n\t\t\t\t\t<\/span>\n\t\t\t\t\t<\/a>\n\t\t\t\t\t\t\t\t<\/div>\n\t\t\t\t<\/div>\n\t\t\t\t<\/div>\n\t\t<div class=\"elementor-element elementor-element-527dec44 e-con-full e-flex e-con e-child\" data-id=\"527dec44\" data-element_type=\"container\" data-settings=\"{&quot;background_background&quot;:&quot;classic&quot;}\">\n\t\t\t\t<\/div>\n\t\t\t\t<\/div>\n\t\t<div class=\"elementor-element elementor-element-5d2703f8 e-con-full e-flex e-con e-child\" data-id=\"5d2703f8\" data-element_type=\"container\">\n\t\t<div class=\"elementor-element elementor-element-74ee6ac e-con-full e-flex e-con e-child\" data-id=\"74ee6ac\" data-element_type=\"container\">\n\t\t\t\t<div class=\"elementor-element elementor-element-12fcad75 elementor-widget elementor-widget-heading\" data-id=\"12fcad75\" data-element_type=\"widget\" data-widget_type=\"heading.default\">\n\t\t\t\t\t<h3 class=\"elementor-heading-title elementor-size-default\">Tankstelle<\/h3>\t\t\t\t<\/div>\n\t\t<div class=\"elementor-element elementor-element-4fec8c52 e-con-full e-flex e-con e-child\" data-id=\"4fec8c52\" data-element_type=\"container\">\n\t\t\t\t<div class=\"elementor-element elementor-element-2e5c236a elementor-align-left elementor-mobile-align-center elementor-widget elementor-widget-button\" data-id=\"2e5c236a\" data-element_type=\"widget\" data-widget_type=\"button.default\">\n\t\t\t\t\t\t\t\t\t\t<a class=\"elementor-button elementor-button-link elementor-size-sm elementor-animation-grow\" href=\"https:\/\/scantech25.webshow.me\/index.php\/tankstelle\/\">\n\t\t\t\t\t\t<span class=\"elementor-button-content-wrapper\">\n\t\t\t\t\t\t\t\t\t<span class=\"elementor-button-text\">Mehr Infos &gt;&gt;<\/span>\n\t\t\t\t\t<\/span>\n\t\t\t\t\t<\/a>\n\t\t\t\t\t\t\t\t<\/div>\n\t\t\t\t<\/div>\n\t\t\t\t<\/div>\n\t\t<div class=\"elementor-element elementor-element-76093384 e-con-full e-flex e-con e-child\" data-id=\"76093384\" data-element_type=\"container\" data-settings=\"{&quot;background_background&quot;:&quot;classic&quot;}\">\n\t\t\t\t<\/div>\n\t\t\t\t<\/div>\n\t\t<div class=\"elementor-element elementor-element-51889259 e-con-full e-flex e-con e-child\" data-id=\"51889259\" data-element_type=\"container\">\n\t\t<div class=\"elementor-element elementor-element-336082d4 e-con-full e-flex e-con e-child\" data-id=\"336082d4\" data-element_type=\"container\">\n\t\t\t\t<div class=\"elementor-element elementor-element-a2d81ff elementor-widget elementor-widget-heading\" data-id=\"a2d81ff\" data-element_type=\"widget\" data-widget_type=\"heading.default\">\n\t\t\t\t\t<h3 class=\"elementor-heading-title elementor-size-default\">Supermarkt<\/h3>\t\t\t\t<\/div>\n\t\t<div class=\"elementor-element elementor-element-763b5efa e-con-full e-flex e-con e-child\" data-id=\"763b5efa\" data-element_type=\"container\">\n\t\t\t\t<div class=\"elementor-element elementor-element-43cbbc7 elementor-align-left elementor-mobile-align-center elementor-widget elementor-widget-button\" data-id=\"43cbbc7\" data-element_type=\"widget\" data-widget_type=\"button.default\">\n\t\t\t\t\t\t\t\t\t\t<a class=\"elementor-button elementor-button-link elementor-size-sm elementor-animation-grow\" href=\"https:\/\/scantech25.webshow.me\/index.php\/supermarkt\/\">\n\t\t\t\t\t\t<span class=\"elementor-button-content-wrapper\">\n\t\t\t\t\t\t\t\t\t<span class=\"elementor-button-text\">Mehr Infos &gt;&gt;<\/span>\n\t\t\t\t\t<\/span>\n\t\t\t\t\t<\/a>\n\t\t\t\t\t\t\t\t<\/div>\n\t\t\t\t<\/div>\n\t\t\t\t<\/div>\n\t\t<div class=\"elementor-element elementor-element-7860a846 e-con-full e-flex e-con e-child\" data-id=\"7860a846\" data-element_type=\"container\" data-settings=\"{&quot;background_background&quot;:&quot;classic&quot;}\">\n\t\t\t\t<\/div>\n\t\t\t\t<\/div>\n\t\t\t\t<\/div>\n\t\t<div class=\"elementor-element elementor-element-4e81e83 e-con-full e-flex e-con e-parent\" data-id=\"4e81e83\" data-element_type=\"container\">\n\t\t\t\t<div class=\"elementor-element elementor-element-291f038 elementor-align-center elementor-widget elementor-widget-button\" data-id=\"291f038\" data-element_type=\"widget\" data-widget_type=\"button.default\">\n\t\t\t\t\t\t\t\t\t\t<a class=\"elementor-button elementor-button-link elementor-size-sm\" href=\"https:\/\/scantech25.webshow.me\/index.php\/vorteile\/\">\n\t\t\t\t\t\t<span class=\"elementor-button-content-wrapper\">\n\t\t\t\t\t\t\t\t\t<span class=\"elementor-button-text\">Lernen Sie die Vorteile unserer Systeme kennen<\/span>\n\t\t\t\t\t<\/span>\n\t\t\t\t\t<\/a>\n\t\t\t\t\t\t\t\t<\/div>\n\t\t\t\t<\/div>\n\t\t\t\t<\/div>\n\t\t","protected":false},"excerpt":{"rendered":"<p>Scanloader &#8211; das effiziente Vorschubsystem Der Scanloader gilt als das derzeit wohl effizienteste Vorschub-Regalsystem auf dem Markt. Er bietet eine haltbare L\u00f6sung mit starker Pr\u00e4sentation, w\u00e4hrend die Bearbeitungskosten und der Personalbedarf effektiv gesenkt werden. Genau richtig f\u00fcr Ihren Bedarf Cash &amp; Carry Mehr Infos &gt;&gt; Tankstelle Mehr Infos &gt;&gt; Supermarkt Mehr Infos &gt;&gt; Lernen Sie [&hellip;]<\/p>\n","protected":false},"author":1,"featured_media":0,"parent":0,"menu_order":0,"comment_status":"closed","ping_status":"closed","template":"","meta":{"ocean_post_layout":"","ocean_both_sidebars_style":"","ocean_both_sidebars_content_width":0,"ocean_both_sidebars_sidebars_width":0,"ocean_sidebar":"","ocean_second_sidebar":"","ocean_disable_margins":"enable","ocean_add_body_class":"","ocean_shortcode_before_top_bar":"","ocean_shortcode_after_top_bar":"","ocean_shortcode_before_header":"","ocean_shortcode_after_header":"","ocean_has_shortcode":"","ocean_shortcode_after_title":"","ocean_shortcode_before_footer_widgets":"","ocean_shortcode_after_footer_widgets":"","ocean_shortcode_before_footer_bottom":"","ocean_shortcode_after_footer_bottom":"","ocean_display_top_bar":"default","ocean_display_header":"default","ocean_header_style":"","ocean_center_header_left_menu":"","ocean_custom_header_template":"","ocean_custom_logo":0,"ocean_custom_retina_logo":0,"ocean_custom_logo_max_width":0,"ocean_custom_logo_tablet_max_width":0,"ocean_custom_logo_mobile_max_width":0,"ocean_custom_logo_max_height":0,"ocean_custom_logo_tablet_max_height":0,"ocean_custom_logo_mobile_max_height":0,"ocean_header_custom_menu":"","ocean_menu_typo_font_family":"","ocean_menu_typo_font_subset":"","ocean_menu_typo_font_size":0,"ocean_menu_typo_font_size_tablet":0,"ocean_menu_typo_font_size_mobile":0,"ocean_menu_typo_font_size_unit":"px","ocean_menu_typo_font_weight":"","ocean_menu_typo_font_weight_tablet":"","ocean_menu_typo_font_weight_mobile":"","ocean_menu_typo_transform":"","ocean_menu_typo_transform_tablet":"","ocean_menu_typo_transform_mobile":"","ocean_menu_typo_line_height":0,"ocean_menu_typo_line_height_tablet":0,"ocean_menu_typo_line_height_mobile":0,"ocean_menu_typo_line_height_unit":"","ocean_menu_typo_spacing":0,"ocean_menu_typo_spacing_tablet":0,"ocean_menu_typo_spacing_mobile":0,"ocean_menu_typo_spacing_unit":"","ocean_menu_link_color":"","ocean_menu_link_color_hover":"","ocean_menu_link_color_active":"","ocean_menu_link_background":"","ocean_menu_link_hover_background":"","ocean_menu_link_active_background":"","ocean_menu_social_links_bg":"","ocean_menu_social_hover_links_bg":"","ocean_menu_social_links_color":"","ocean_menu_social_hover_links_color":"","ocean_disable_title":"default","ocean_disable_heading":"default","ocean_post_title":"","ocean_post_subheading":"","ocean_post_title_style":"","ocean_post_title_background_color":"","ocean_post_title_background":0,"ocean_post_title_bg_image_position":"","ocean_post_title_bg_image_attachment":"","ocean_post_title_bg_image_repeat":"","ocean_post_title_bg_image_size":"","ocean_post_title_height":0,"ocean_post_title_bg_overlay":0.5,"ocean_post_title_bg_overlay_color":"","ocean_disable_breadcrumbs":"default","ocean_breadcrumbs_color":"","ocean_breadcrumbs_separator_color":"","ocean_breadcrumbs_links_color":"","ocean_breadcrumbs_links_hover_color":"","ocean_display_footer_widgets":"default","ocean_display_footer_bottom":"default","ocean_custom_footer_template":"","footnotes":""},"class_list":["post-1117","page","type-page","status-publish","hentry","entry"],"_links":{"self":[{"href":"https:\/\/scantech25.webshow.me\/index.php\/wp-json\/wp\/v2\/pages\/1117","targetHints":{"allow":["GET"]}}],"collection":[{"href":"https:\/\/scantech25.webshow.me\/index.php\/wp-json\/wp\/v2\/pages"}],"about":[{"href":"https:\/\/scantech25.webshow.me\/index.php\/wp-json\/wp\/v2\/types\/page"}],"author":[{"embeddable":true,"href":"https:\/\/scantech25.webshow.me\/index.php\/wp-json\/wp\/v2\/users\/1"}],"replies":[{"embeddable":true,"href":"https:\/\/scantech25.webshow.me\/index.php\/wp-json\/wp\/v2\/comments?post=1117"}],"version-history":[{"count":10,"href":"https:\/\/scantech25.webshow.me\/index.php\/wp-json\/wp\/v2\/pages\/1117\/revisions"}],"predecessor-version":[{"id":1174,"href":"https:\/\/scantech25.webshow.me\/index.php\/wp-json\/wp\/v2\/pages\/1117\/revisions\/1174"}],"wp:attachment":[{"href":"https:\/\/scantech25.webshow.me\/index.php\/wp-json\/wp\/v2\/media?parent=1117"}],"curies":[{"name":"wp","href":"https:\/\/api.w.org\/{rel}","templated":true}]}}