{"id":808,"date":"2025-08-27T10:10:39","date_gmt":"2025-08-27T10:10:39","guid":{"rendered":"https:\/\/scantech25.webshow.me\/?page_id=808"},"modified":"2025-09-17T13:30:36","modified_gmt":"2025-09-17T13:30:36","slug":"cash-carry","status":"publish","type":"page","link":"https:\/\/scantech25.webshow.me\/index.php\/cash-carry\/","title":{"rendered":"Cash &amp; Carry"},"content":{"rendered":"\t\t<div data-elementor-type=\"wp-page\" data-elementor-id=\"808\" class=\"elementor elementor-808\" data-elementor-post-type=\"page\">\n\t\t\t\t<div class=\"elementor-element elementor-element-b393af7 e-con-full e-flex e-con e-parent\" data-id=\"b393af7\" data-element_type=\"container\">\n\t\t\t\t<div class=\"elementor-element elementor-element-55caddf elementor-widget elementor-widget-heading\" data-id=\"55caddf\" data-element_type=\"widget\" data-widget_type=\"heading.default\">\n\t\t\t\t\t<h1 class=\"elementor-heading-title elementor-size-default\">Ihre L\u00f6sungen im Bereich Cash &amp; Carry<\/h1>\t\t\t\t<\/div>\n\t\t\t\t<\/div>\n\t\t<div class=\"elementor-element elementor-element-7dbf66e e-con-full e-flex e-con e-parent\" data-id=\"7dbf66e\" data-element_type=\"container\">\n\t\t\t\t<div class=\"elementor-element elementor-element-23ed426 elementor-widget elementor-widget-gallery\" data-id=\"23ed426\" data-element_type=\"widget\" data-settings=\"{&quot;gap&quot;:{&quot;unit&quot;:&quot;px&quot;,&quot;size&quot;:30,&quot;sizes&quot;:[]},&quot;aspect_ratio&quot;:&quot;4:3&quot;,&quot;overlay_description&quot;:&quot;description&quot;,&quot;lazyload&quot;:&quot;yes&quot;,&quot;gallery_layout&quot;:&quot;grid&quot;,&quot;columns&quot;:4,&quot;columns_tablet&quot;:2,&quot;columns_mobile&quot;:1,&quot;gap_tablet&quot;:{&quot;unit&quot;:&quot;px&quot;,&quot;size&quot;:10,&quot;sizes&quot;:[]},&quot;gap_mobile&quot;:{&quot;unit&quot;:&quot;px&quot;,&quot;size&quot;:10,&quot;sizes&quot;:[]},&quot;link_to&quot;:&quot;file&quot;,&quot;overlay_background&quot;:&quot;yes&quot;,&quot;content_hover_animation&quot;:&quot;fade-in&quot;}\" data-widget_type=\"gallery.default\">\n\t\t\t\t\t\t\t<div class=\"elementor-gallery__container\">\n\t\t\t\t\t\t\t<a class=\"e-gallery-item elementor-gallery-item elementor-animated-content\" href=\"https:\/\/scantech25.webshow.me\/wp-content\/uploads\/2025\/08\/cash-carry1.jpg\" data-elementor-open-lightbox=\"yes\" data-elementor-lightbox-slideshow=\"23ed426\" data-elementor-lightbox-title=\"Scanloader f\u00fcr Gro\u00dfpackungen\" data-elementor-lightbox-description=\"Scanloader f\u00fcr Gro\u00dfpackungen, passend f\u00fcr hinter die Entnahmet\u00fcren\" data-e-action-hash=\"#elementor-action%3Aaction%3Dlightbox%26settings%3DeyJpZCI6ODExLCJ1cmwiOiJodHRwczpcL1wvc2NhbnRlY2gyNS53ZWJzaG93Lm1lXC93cC1jb250ZW50XC91cGxvYWRzXC8yMDI1XC8wOFwvY2FzaC1jYXJyeTEuanBnIiwic2xpZGVzaG93IjoiMjNlZDQyNiJ9\">\n\t\t\t\t\t<div class=\"e-gallery-image elementor-gallery-item__image\" data-thumbnail=\"https:\/\/scantech25.webshow.me\/wp-content\/uploads\/2025\/08\/cash-carry1.jpg\" data-width=\"1200\" data-height=\"900\" aria-label=\"Scanloader f\u00fcr Gro\u00dfpackungen, passend f\u00fcr hinter die Entnahmet\u00fcren\" role=\"img\" ><\/div>\n\t\t\t\t\t\t\t\t\t\t\t<div class=\"elementor-gallery-item__overlay\"><\/div>\n\t\t\t\t\t\t\t\t\t\t\t\t\t\t\t<div class=\"elementor-gallery-item__content\">\n\t\t\t\t\t\t\t\t\t\t\t\t\t\t<div class=\"elementor-gallery-item__description\">\n\t\t\t\t\t\t\t\t\t\t\t\t\t\t\t\t\t\tScanloader f\u00fcr Gro\u00dfpackungen, passend f\u00fcr hinter die Entnahmet\u00fcren\t\t\t\t\t\t\t\t<\/div>\n\t\t\t\t\t\t\t\t\t\t\t\t<\/div>\n\t\t\t\t\t\t\t\t\t<\/a>\n\t\t\t\t\t\t\t<a class=\"e-gallery-item elementor-gallery-item elementor-animated-content\" href=\"https:\/\/scantech25.webshow.me\/wp-content\/uploads\/2025\/08\/cash-carry2.jpg\" data-elementor-open-lightbox=\"yes\" data-elementor-lightbox-slideshow=\"23ed426\" data-elementor-lightbox-title=\"Scanloader\" data-elementor-lightbox-description=\"Der Scanloader m\u00f6glich auch in 950 oder 1250mm tiefen Etagen\" data-e-action-hash=\"#elementor-action%3Aaction%3Dlightbox%26settings%3DeyJpZCI6ODEyLCJ1cmwiOiJodHRwczpcL1wvc2NhbnRlY2gyNS53ZWJzaG93Lm1lXC93cC1jb250ZW50XC91cGxvYWRzXC8yMDI1XC8wOFwvY2FzaC1jYXJyeTIuanBnIiwic2xpZGVzaG93IjoiMjNlZDQyNiJ9\">\n\t\t\t\t\t<div class=\"e-gallery-image elementor-gallery-item__image\" data-thumbnail=\"https:\/\/scantech25.webshow.me\/wp-content\/uploads\/2025\/08\/cash-carry2.jpg\" data-width=\"1200\" data-height=\"799\" aria-label=\"Der Scanloader m\u00f6glich auch in 950 oder 1250mm tiefen Etagen\" role=\"img\" ><\/div>\n\t\t\t\t\t\t\t\t\t\t\t<div class=\"elementor-gallery-item__overlay\"><\/div>\n\t\t\t\t\t\t\t\t\t\t\t\t\t\t\t<div class=\"elementor-gallery-item__content\">\n\t\t\t\t\t\t\t\t\t\t\t\t\t\t<div class=\"elementor-gallery-item__description\">\n\t\t\t\t\t\t\t\t\t\t\t\t\t\t\t\t\t\tDer Scanloader m\u00f6glich auch in 950 oder 1250mm tiefen Etagen\t\t\t\t\t\t\t\t<\/div>\n\t\t\t\t\t\t\t\t\t\t\t\t<\/div>\n\t\t\t\t\t\t\t\t\t<\/a>\n\t\t\t\t\t\t\t<a class=\"e-gallery-item elementor-gallery-item elementor-animated-content\" href=\"https:\/\/scantech25.webshow.me\/wp-content\/uploads\/2025\/09\/cash-carry8.jpg\" data-elementor-open-lightbox=\"yes\" data-elementor-lightbox-slideshow=\"23ed426\" data-elementor-lightbox-title=\"Doppelfl\u00fcgige Entnahmet\u00fcren, mit passendem Scanloader Regal\" data-elementor-lightbox-description=\"Doppelfl\u00fcgige Entnahmet\u00fcren, mit passendem Scanloader Regal, so dass Gitterrollwagen auch zur Entnahme genommen werden k\u00f6nnen\" data-e-action-hash=\"#elementor-action%3Aaction%3Dlightbox%26settings%3DeyJpZCI6MTAzMSwidXJsIjoiaHR0cHM6XC9cL3NjYW50ZWNoMjUud2Vic2hvdy5tZVwvd3AtY29udGVudFwvdXBsb2Fkc1wvMjAyNVwvMDlcL2Nhc2gtY2Fycnk4LmpwZyIsInNsaWRlc2hvdyI6IjIzZWQ0MjYifQ%3D%3D\">\n\t\t\t\t\t<div class=\"e-gallery-image elementor-gallery-item__image\" data-thumbnail=\"https:\/\/scantech25.webshow.me\/wp-content\/uploads\/2025\/09\/cash-carry8.jpg\" data-width=\"1250\" data-height=\"600\" aria-label=\"Doppelfl\u00fcgige Entnahmet\u00fcren, mit passendem Scanloader Regal, so dass Gitterrollwagen auch zur Entnahme genommen werden k\u00f6nnen\" role=\"img\" ><\/div>\n\t\t\t\t\t\t\t\t\t\t\t<div class=\"elementor-gallery-item__overlay\"><\/div>\n\t\t\t\t\t\t\t\t\t\t\t\t\t\t\t<div class=\"elementor-gallery-item__content\">\n\t\t\t\t\t\t\t\t\t\t\t\t\t\t<div class=\"elementor-gallery-item__description\">\n\t\t\t\t\t\t\t\t\t\t\t\t\t\t\t\t\t\tDoppelfl\u00fcgige Entnahmet\u00fcren, mit passendem Scanloader Regal, so dass Gitterrollwagen auch zur Entnahme genommen werden k\u00f6nnen\t\t\t\t\t\t\t\t<\/div>\n\t\t\t\t\t\t\t\t\t\t\t\t<\/div>\n\t\t\t\t\t\t\t\t\t<\/a>\n\t\t\t\t\t\t\t<a class=\"e-gallery-item elementor-gallery-item elementor-animated-content\" href=\"https:\/\/scantech25.webshow.me\/wp-content\/uploads\/2025\/09\/cash-carry9.jpg\" data-elementor-open-lightbox=\"yes\" data-elementor-lightbox-slideshow=\"23ed426\" data-elementor-lightbox-title=\"Tiefe Etagen (1200\/950)\" data-elementor-lightbox-description=\"Tiefe Etagen (1200\/950) auch f\u00fcr gro\u00dfe Kartonage mit R\u00f6llchenbahnen\" data-e-action-hash=\"#elementor-action%3Aaction%3Dlightbox%26settings%3DeyJpZCI6MTAzNSwidXJsIjoiaHR0cHM6XC9cL3NjYW50ZWNoMjUud2Vic2hvdy5tZVwvd3AtY29udGVudFwvdXBsb2Fkc1wvMjAyNVwvMDlcL2Nhc2gtY2Fycnk5LmpwZyIsInNsaWRlc2hvdyI6IjIzZWQ0MjYifQ%3D%3D\">\n\t\t\t\t\t<div class=\"e-gallery-image elementor-gallery-item__image\" data-thumbnail=\"https:\/\/scantech25.webshow.me\/wp-content\/uploads\/2025\/09\/cash-carry9.jpg\" data-width=\"1250\" data-height=\"600\" aria-label=\"Tiefe Etagen (1200\/950) auch f\u00fcr gro\u00dfe Kartonage mit R\u00f6llchenbahnen\" role=\"img\" ><\/div>\n\t\t\t\t\t\t\t\t\t\t\t<div class=\"elementor-gallery-item__overlay\"><\/div>\n\t\t\t\t\t\t\t\t\t\t\t\t\t\t\t<div class=\"elementor-gallery-item__content\">\n\t\t\t\t\t\t\t\t\t\t\t\t\t\t<div class=\"elementor-gallery-item__description\">\n\t\t\t\t\t\t\t\t\t\t\t\t\t\t\t\t\t\tTiefe Etagen (1200\/950) auch f\u00fcr gro\u00dfe Kartonage mit R\u00f6llchenbahnen\t\t\t\t\t\t\t\t<\/div>\n\t\t\t\t\t\t\t\t\t\t\t\t<\/div>\n\t\t\t\t\t\t\t\t\t<\/a>\n\t\t\t\t\t\t\t<a class=\"e-gallery-item elementor-gallery-item elementor-animated-content\" href=\"https:\/\/scantech25.webshow.me\/wp-content\/uploads\/2025\/09\/cash-carry10.jpg\" data-elementor-open-lightbox=\"yes\" data-elementor-lightbox-slideshow=\"23ed426\" data-elementor-lightbox-title=\"Scaneton Island\" data-elementor-lightbox-description=\"Scaneton Island, hineingehen mit der Ware und 3 Seiten Regale best\u00fccken\" data-e-action-hash=\"#elementor-action%3Aaction%3Dlightbox%26settings%3DeyJpZCI6MTAzNywidXJsIjoiaHR0cHM6XC9cL3NjYW50ZWNoMjUud2Vic2hvdy5tZVwvd3AtY29udGVudFwvdXBsb2Fkc1wvMjAyNVwvMDlcL2Nhc2gtY2FycnkxMC5qcGciLCJzbGlkZXNob3ciOiIyM2VkNDI2In0%3D\">\n\t\t\t\t\t<div class=\"e-gallery-image elementor-gallery-item__image\" data-thumbnail=\"https:\/\/scantech25.webshow.me\/wp-content\/uploads\/2025\/09\/cash-carry10.jpg\" data-width=\"1300\" data-height=\"488\" aria-label=\"Scaneton Island, hineingehen mit der Ware und 3 Seiten Regale best\u00fccken\" role=\"img\" ><\/div>\n\t\t\t\t\t\t\t\t\t\t\t<div class=\"elementor-gallery-item__overlay\"><\/div>\n\t\t\t\t\t\t\t\t\t\t\t\t\t\t\t<div class=\"elementor-gallery-item__content\">\n\t\t\t\t\t\t\t\t\t\t\t\t\t\t<div class=\"elementor-gallery-item__description\">\n\t\t\t\t\t\t\t\t\t\t\t\t\t\t\t\t\t\tScaneton Island, hineingehen mit der Ware und 3 Seiten Regale best\u00fccken\t\t\t\t\t\t\t\t<\/div>\n\t\t\t\t\t\t\t\t\t\t\t\t<\/div>\n\t\t\t\t\t\t\t\t\t<\/a>\n\t\t\t\t\t<\/div>\n\t\t\t\t\t<\/div>\n\t\t\t\t<\/div>\n\t\t<div class=\"elementor-element elementor-element-1d86ca5 e-con-full e-flex e-con e-parent\" data-id=\"1d86ca5\" data-element_type=\"container\">\n\t\t\t\t<div class=\"elementor-element elementor-element-b34355a elementor-widget elementor-widget-heading\" data-id=\"b34355a\" data-element_type=\"widget\" data-widget_type=\"heading.default\">\n\t\t\t\t\t<h1 class=\"elementor-heading-title elementor-size-default\">Unsere Systeme \u00fcberzeugen - Treffen Sie Ihre Wahl<\/h1>\t\t\t\t<\/div>\n\t\t\t\t<\/div>\n\t\t<div class=\"elementor-element elementor-element-4e02630a e-con-full e-flex e-con e-parent\" data-id=\"4e02630a\" data-element_type=\"container\" data-settings=\"{&quot;background_background&quot;:&quot;classic&quot;}\">\n\t\t<div class=\"elementor-element elementor-element-52187943 e-con-full e-flex e-con e-child\" data-id=\"52187943\" data-element_type=\"container\">\n\t\t<div class=\"elementor-element elementor-element-14ca5ef e-con-full e-flex e-con e-child\" data-id=\"14ca5ef\" data-element_type=\"container\">\n\t\t\t\t<div class=\"elementor-element elementor-element-5a69c95a elementor-widget elementor-widget-heading\" data-id=\"5a69c95a\" data-element_type=\"widget\" data-widget_type=\"heading.default\">\n\t\t\t\t\t<h3 class=\"elementor-heading-title elementor-size-default\">Scanloader<\/h3>\t\t\t\t<\/div>\n\t\t<div class=\"elementor-element elementor-element-3bd5f990 e-con-full e-flex e-con e-child\" data-id=\"3bd5f990\" data-element_type=\"container\">\n\t\t\t\t<div class=\"elementor-element elementor-element-7a62fbab elementor-align-left elementor-mobile-align-center elementor-widget elementor-widget-button\" data-id=\"7a62fbab\" data-element_type=\"widget\" data-widget_type=\"button.default\">\n\t\t\t\t\t\t\t\t\t\t<a class=\"elementor-button elementor-button-link elementor-size-sm elementor-animation-grow\" href=\"https:\/\/scantech25.webshow.me\/index.php\/scanloader\/\">\n\t\t\t\t\t\t<span class=\"elementor-button-content-wrapper\">\n\t\t\t\t\t\t\t\t\t<span class=\"elementor-button-text\">Mehr Infos &gt;&gt;<\/span>\n\t\t\t\t\t<\/span>\n\t\t\t\t\t<\/a>\n\t\t\t\t\t\t\t\t<\/div>\n\t\t\t\t<\/div>\n\t\t\t\t<\/div>\n\t\t<div class=\"elementor-element elementor-element-336d0977 e-con-full e-flex e-con e-child\" data-id=\"336d0977\" data-element_type=\"container\" data-settings=\"{&quot;background_background&quot;:&quot;classic&quot;}\">\n\t\t\t\t<\/div>\n\t\t\t\t<\/div>\n\t\t<div class=\"elementor-element elementor-element-2fea51ef e-con-full e-flex e-con e-child\" data-id=\"2fea51ef\" data-element_type=\"container\">\n\t\t<div class=\"elementor-element elementor-element-63619bb2 e-con-full e-flex e-con e-child\" data-id=\"63619bb2\" data-element_type=\"container\">\n\t\t\t\t<div class=\"elementor-element elementor-element-7d32c07d elementor-widget elementor-widget-heading\" data-id=\"7d32c07d\" data-element_type=\"widget\" data-widget_type=\"heading.default\">\n\t\t\t\t\t<h3 class=\"elementor-heading-title elementor-size-default\">Backloader<\/h3>\t\t\t\t<\/div>\n\t\t<div class=\"elementor-element elementor-element-592e6d47 e-con-full e-flex e-con e-child\" data-id=\"592e6d47\" data-element_type=\"container\">\n\t\t\t\t<div class=\"elementor-element elementor-element-6c6004b4 elementor-align-left elementor-mobile-align-center elementor-widget elementor-widget-button\" data-id=\"6c6004b4\" data-element_type=\"widget\" data-widget_type=\"button.default\">\n\t\t\t\t\t\t\t\t\t\t<a class=\"elementor-button elementor-button-link elementor-size-sm elementor-animation-grow\" href=\"https:\/\/scantech25.webshow.me\/index.php\/backloader\/\">\n\t\t\t\t\t\t<span class=\"elementor-button-content-wrapper\">\n\t\t\t\t\t\t\t\t\t<span class=\"elementor-button-text\">Mehr Infos &gt;&gt;<\/span>\n\t\t\t\t\t<\/span>\n\t\t\t\t\t<\/a>\n\t\t\t\t\t\t\t\t<\/div>\n\t\t\t\t<\/div>\n\t\t\t\t<\/div>\n\t\t<div class=\"elementor-element elementor-element-293af500 e-con-full e-flex e-con e-child\" data-id=\"293af500\" data-element_type=\"container\" data-settings=\"{&quot;background_background&quot;:&quot;classic&quot;}\">\n\t\t\t\t<\/div>\n\t\t\t\t<\/div>\n\t\t<div class=\"elementor-element elementor-element-3e2f930a e-con-full e-flex e-con e-child\" data-id=\"3e2f930a\" data-element_type=\"container\">\n\t\t<div class=\"elementor-element elementor-element-7b3a320 e-con-full e-flex e-con e-child\" data-id=\"7b3a320\" data-element_type=\"container\">\n\t\t\t\t<div class=\"elementor-element elementor-element-1e8e027 elementor-widget elementor-widget-heading\" data-id=\"1e8e027\" data-element_type=\"widget\" data-widget_type=\"heading.default\">\n\t\t\t\t\t<h3 class=\"elementor-heading-title elementor-size-default\">R\u00f6llchen-Bahnen<\/h3>\t\t\t\t<\/div>\n\t\t<div class=\"elementor-element elementor-element-48e0fff e-con-full e-flex e-con e-child\" data-id=\"48e0fff\" data-element_type=\"container\">\n\t\t\t\t<div class=\"elementor-element elementor-element-3e0f2b5c elementor-align-left elementor-mobile-align-center elementor-widget elementor-widget-button\" data-id=\"3e0f2b5c\" data-element_type=\"widget\" data-widget_type=\"button.default\">\n\t\t\t\t\t\t\t\t\t\t<a class=\"elementor-button elementor-button-link elementor-size-sm elementor-animation-grow\" href=\"#\">\n\t\t\t\t\t\t<span class=\"elementor-button-content-wrapper\">\n\t\t\t\t\t\t\t\t\t<span class=\"elementor-button-text\">Mehr Infos &gt;&gt;<\/span>\n\t\t\t\t\t<\/span>\n\t\t\t\t\t<\/a>\n\t\t\t\t\t\t\t\t<\/div>\n\t\t\t\t<\/div>\n\t\t\t\t<\/div>\n\t\t<div class=\"elementor-element elementor-element-65a4aa90 e-con-full e-flex e-con e-child\" data-id=\"65a4aa90\" data-element_type=\"container\" data-settings=\"{&quot;background_background&quot;:&quot;classic&quot;}\">\n\t\t\t\t<\/div>\n\t\t\t\t<\/div>\n\t\t<div class=\"elementor-element elementor-element-23b73d13 e-con-full e-flex e-con e-child\" data-id=\"23b73d13\" data-element_type=\"container\">\n\t\t<div class=\"elementor-element elementor-element-4390702f e-con-full e-flex e-con e-child\" data-id=\"4390702f\" data-element_type=\"container\">\n\t\t\t\t<div class=\"elementor-element elementor-element-3067213f elementor-widget elementor-widget-heading\" data-id=\"3067213f\" data-element_type=\"widget\" data-widget_type=\"heading.default\">\n\t\t\t\t\t<h3 class=\"elementor-heading-title elementor-size-default\">Scaneton Island<\/h3>\t\t\t\t<\/div>\n\t\t<div class=\"elementor-element elementor-element-30474735 e-con-full e-flex e-con e-child\" data-id=\"30474735\" data-element_type=\"container\">\n\t\t\t\t<div class=\"elementor-element elementor-element-1d4596dd elementor-align-left elementor-mobile-align-center elementor-widget elementor-widget-button\" data-id=\"1d4596dd\" data-element_type=\"widget\" data-widget_type=\"button.default\">\n\t\t\t\t\t\t\t\t\t\t<a class=\"elementor-button elementor-button-link elementor-size-sm elementor-animation-grow\" href=\"#\">\n\t\t\t\t\t\t<span class=\"elementor-button-content-wrapper\">\n\t\t\t\t\t\t\t\t\t<span class=\"elementor-button-text\">Mehr Infos &gt;&gt;<\/span>\n\t\t\t\t\t<\/span>\n\t\t\t\t\t<\/a>\n\t\t\t\t\t\t\t\t<\/div>\n\t\t\t\t<\/div>\n\t\t\t\t<\/div>\n\t\t<div class=\"elementor-element elementor-element-7a345489 e-con-full e-flex e-con e-child\" data-id=\"7a345489\" data-element_type=\"container\" data-settings=\"{&quot;background_background&quot;:&quot;classic&quot;}\">\n\t\t\t\t<\/div>\n\t\t\t\t<\/div>\n\t\t\t\t<\/div>\n\t\t<div class=\"elementor-element elementor-element-4e81e83 e-con-full e-flex e-con e-parent\" data-id=\"4e81e83\" data-element_type=\"container\">\n\t\t\t\t<div class=\"elementor-element elementor-element-291f038 elementor-align-center elementor-widget elementor-widget-button\" data-id=\"291f038\" data-element_type=\"widget\" data-widget_type=\"button.default\">\n\t\t\t\t\t\t\t\t\t\t<a class=\"elementor-button elementor-button-link elementor-size-sm\" href=\"https:\/\/scantech25.webshow.me\/index.php\/vorteile\/\">\n\t\t\t\t\t\t<span class=\"elementor-button-content-wrapper\">\n\t\t\t\t\t\t\t\t\t<span class=\"elementor-button-text\">Lernen Sie die Vorteile unserer Systeme kennen<\/span>\n\t\t\t\t\t<\/span>\n\t\t\t\t\t<\/a>\n\t\t\t\t\t\t\t\t<\/div>\n\t\t\t\t<\/div>\n\t\t\t\t<\/div>\n\t\t","protected":false},"excerpt":{"rendered":"<p>Ihre L\u00f6sungen im Bereich Cash &amp; Carry Scanloader f\u00fcr Gro\u00dfpackungen, passend f\u00fcr hinter die Entnahmet\u00fcren Der Scanloader m\u00f6glich auch in 950 oder 1250mm tiefen Etagen Doppelfl\u00fcgige Entnahmet\u00fcren, mit passendem Scanloader Regal, so dass Gitterrollwagen auch zur Entnahme genommen werden k\u00f6nnen Tiefe Etagen (1200\/950) auch f\u00fcr gro\u00dfe Kartonage mit R\u00f6llchenbahnen Scaneton Island, hineingehen mit der Ware [&hellip;]<\/p>\n","protected":false},"author":1,"featured_media":0,"parent":0,"menu_order":0,"comment_status":"closed","ping_status":"closed","template":"","meta":{"ocean_post_layout":"","ocean_both_sidebars_style":"","ocean_both_sidebars_content_width":0,"ocean_both_sidebars_sidebars_width":0,"ocean_sidebar":"","ocean_second_sidebar":"","ocean_disable_margins":"enable","ocean_add_body_class":"","ocean_shortcode_before_top_bar":"","ocean_shortcode_after_top_bar":"","ocean_shortcode_before_header":"","ocean_shortcode_after_header":"","ocean_has_shortcode":"","ocean_shortcode_after_title":"","ocean_shortcode_before_footer_widgets":"","ocean_shortcode_after_footer_widgets":"","ocean_shortcode_before_footer_bottom":"","ocean_shortcode_after_footer_bottom":"","ocean_display_top_bar":"default","ocean_display_header":"default","ocean_header_style":"","ocean_center_header_left_menu":"","ocean_custom_header_template":"","ocean_custom_logo":0,"ocean_custom_retina_logo":0,"ocean_custom_logo_max_width":0,"ocean_custom_logo_tablet_max_width":0,"ocean_custom_logo_mobile_max_width":0,"ocean_custom_logo_max_height":0,"ocean_custom_logo_tablet_max_height":0,"ocean_custom_logo_mobile_max_height":0,"ocean_header_custom_menu":"","ocean_menu_typo_font_family":"","ocean_menu_typo_font_subset":"","ocean_menu_typo_font_size":0,"ocean_menu_typo_font_size_tablet":0,"ocean_menu_typo_font_size_mobile":0,"ocean_menu_typo_font_size_unit":"px","ocean_menu_typo_font_weight":"","ocean_menu_typo_font_weight_tablet":"","ocean_menu_typo_font_weight_mobile":"","ocean_menu_typo_transform":"","ocean_menu_typo_transform_tablet":"","ocean_menu_typo_transform_mobile":"","ocean_menu_typo_line_height":0,"ocean_menu_typo_line_height_tablet":0,"ocean_menu_typo_line_height_mobile":0,"ocean_menu_typo_line_height_unit":"","ocean_menu_typo_spacing":0,"ocean_menu_typo_spacing_tablet":0,"ocean_menu_typo_spacing_mobile":0,"ocean_menu_typo_spacing_unit":"","ocean_menu_link_color":"","ocean_menu_link_color_hover":"","ocean_menu_link_color_active":"","ocean_menu_link_background":"","ocean_menu_link_hover_background":"","ocean_menu_link_active_background":"","ocean_menu_social_links_bg":"","ocean_menu_social_hover_links_bg":"","ocean_menu_social_links_color":"","ocean_menu_social_hover_links_color":"","ocean_disable_title":"default","ocean_disable_heading":"default","ocean_post_title":"","ocean_post_subheading":"","ocean_post_title_style":"","ocean_post_title_background_color":"","ocean_post_title_background":0,"ocean_post_title_bg_image_position":"","ocean_post_title_bg_image_attachment":"","ocean_post_title_bg_image_repeat":"","ocean_post_title_bg_image_size":"","ocean_post_title_height":0,"ocean_post_title_bg_overlay":0.5,"ocean_post_title_bg_overlay_color":"","ocean_disable_breadcrumbs":"default","ocean_breadcrumbs_color":"","ocean_breadcrumbs_separator_color":"","ocean_breadcrumbs_links_color":"","ocean_breadcrumbs_links_hover_color":"","ocean_display_footer_widgets":"default","ocean_display_footer_bottom":"default","ocean_custom_footer_template":"","footnotes":""},"class_list":["post-808","page","type-page","status-publish","hentry","entry"],"_links":{"self":[{"href":"https:\/\/scantech25.webshow.me\/index.php\/wp-json\/wp\/v2\/pages\/808","targetHints":{"allow":["GET"]}}],"collection":[{"href":"https:\/\/scantech25.webshow.me\/index.php\/wp-json\/wp\/v2\/pages"}],"about":[{"href":"https:\/\/scantech25.webshow.me\/index.php\/wp-json\/wp\/v2\/types\/page"}],"author":[{"embeddable":true,"href":"https:\/\/scantech25.webshow.me\/index.php\/wp-json\/wp\/v2\/users\/1"}],"replies":[{"embeddable":true,"href":"https:\/\/scantech25.webshow.me\/index.php\/wp-json\/wp\/v2\/comments?post=808"}],"version-history":[{"count":49,"href":"https:\/\/scantech25.webshow.me\/index.php\/wp-json\/wp\/v2\/pages\/808\/revisions"}],"predecessor-version":[{"id":1202,"href":"https:\/\/scantech25.webshow.me\/index.php\/wp-json\/wp\/v2\/pages\/808\/revisions\/1202"}],"wp:attachment":[{"href":"https:\/\/scantech25.webshow.me\/index.php\/wp-json\/wp\/v2\/media?parent=808"}],"curies":[{"name":"wp","href":"https:\/\/api.w.org\/{rel}","templated":true}]}}