{"id":828,"date":"2025-08-27T10:52:58","date_gmt":"2025-08-27T10:52:58","guid":{"rendered":"https:\/\/scantech25.webshow.me\/?page_id=828"},"modified":"2025-09-15T09:59:18","modified_gmt":"2025-09-15T09:59:18","slug":"tankstelle","status":"publish","type":"page","link":"https:\/\/scantech25.webshow.me\/index.php\/tankstelle\/","title":{"rendered":"Tankstelle"},"content":{"rendered":"\t\t<div data-elementor-type=\"wp-page\" data-elementor-id=\"828\" class=\"elementor elementor-828\" data-elementor-post-type=\"page\">\n\t\t\t\t<div class=\"elementor-element elementor-element-b393af7 e-con-full e-flex e-con e-parent\" data-id=\"b393af7\" data-element_type=\"container\">\n\t\t\t\t<div class=\"elementor-element elementor-element-55caddf elementor-widget elementor-widget-heading\" data-id=\"55caddf\" data-element_type=\"widget\" data-widget_type=\"heading.default\">\n\t\t\t\t\t<h1 class=\"elementor-heading-title elementor-size-default\">Ihre L\u00f6sungen im Bereich Tankstelle mit Scanloader Regalsystemen<\/h1>\t\t\t\t<\/div>\n\t\t\t\t<\/div>\n\t\t<div class=\"elementor-element elementor-element-7dbf66e e-con-full e-flex e-con e-parent\" data-id=\"7dbf66e\" data-element_type=\"container\">\n\t\t\t\t<div class=\"elementor-element elementor-element-23ed426 elementor-widget elementor-widget-gallery\" data-id=\"23ed426\" data-element_type=\"widget\" data-settings=\"{&quot;gap&quot;:{&quot;unit&quot;:&quot;px&quot;,&quot;size&quot;:30,&quot;sizes&quot;:[]},&quot;aspect_ratio&quot;:&quot;4:3&quot;,&quot;overlay_description&quot;:&quot;description&quot;,&quot;lazyload&quot;:&quot;yes&quot;,&quot;gallery_layout&quot;:&quot;grid&quot;,&quot;columns&quot;:4,&quot;columns_tablet&quot;:2,&quot;columns_mobile&quot;:1,&quot;gap_tablet&quot;:{&quot;unit&quot;:&quot;px&quot;,&quot;size&quot;:10,&quot;sizes&quot;:[]},&quot;gap_mobile&quot;:{&quot;unit&quot;:&quot;px&quot;,&quot;size&quot;:10,&quot;sizes&quot;:[]},&quot;link_to&quot;:&quot;file&quot;,&quot;overlay_background&quot;:&quot;yes&quot;,&quot;content_hover_animation&quot;:&quot;fade-in&quot;}\" data-widget_type=\"gallery.default\">\n\t\t\t\t\t\t\t<div class=\"elementor-gallery__container\">\n\t\t\t\t\t\t\t<a class=\"e-gallery-item elementor-gallery-item elementor-animated-content\" href=\"https:\/\/scantech25.webshow.me\/wp-content\/uploads\/2025\/08\/tankstelle1.jpg\" data-elementor-open-lightbox=\"yes\" data-elementor-lightbox-slideshow=\"23ed426\" data-elementor-lightbox-title=\"Scanloader Regalsystem\" data-elementor-lightbox-description=\"Scanloader Regalsystem L\u00f6sung in unterschiedlichen Breiten, passend zu den Entnahmet\u00fcren (660, 760, 970, 1000, 1200,1250)\" data-e-action-hash=\"#elementor-action%3Aaction%3Dlightbox%26settings%3DeyJpZCI6ODUzLCJ1cmwiOiJodHRwczpcL1wvc2NhbnRlY2gyNS53ZWJzaG93Lm1lXC93cC1jb250ZW50XC91cGxvYWRzXC8yMDI1XC8wOFwvdGFua3N0ZWxsZTEuanBnIiwic2xpZGVzaG93IjoiMjNlZDQyNiJ9\">\n\t\t\t\t\t<div class=\"e-gallery-image elementor-gallery-item__image\" data-thumbnail=\"https:\/\/scantech25.webshow.me\/wp-content\/uploads\/2025\/08\/tankstelle1.jpg\" data-width=\"599\" data-height=\"800\" aria-label=\"Scanloader Regalsystem L\u00f6sung in unterschiedlichen Breiten, passend zu den Entnahmet\u00fcren (660, 760, 970, 1000, 1200,1250)\" role=\"img\" ><\/div>\n\t\t\t\t\t\t\t\t\t\t\t<div class=\"elementor-gallery-item__overlay\"><\/div>\n\t\t\t\t\t\t\t\t\t\t\t\t\t\t\t<div class=\"elementor-gallery-item__content\">\n\t\t\t\t\t\t\t\t\t\t\t\t\t\t<div class=\"elementor-gallery-item__description\">\n\t\t\t\t\t\t\t\t\t\t\t\t\t\t\t\t\t\tScanloader Regalsystem L\u00f6sung in unterschiedlichen Breiten, passend zu den Entnahmet\u00fcren (660, 760, 970, 1000, 1200,1250)\t\t\t\t\t\t\t\t<\/div>\n\t\t\t\t\t\t\t\t\t\t\t\t<\/div>\n\t\t\t\t\t\t\t\t\t<\/a>\n\t\t\t\t\t\t\t<a class=\"e-gallery-item elementor-gallery-item elementor-animated-content\" href=\"https:\/\/scantech25.webshow.me\/wp-content\/uploads\/2025\/09\/tankstelle5.jpg\" data-elementor-open-lightbox=\"yes\" data-elementor-lightbox-slideshow=\"23ed426\" data-elementor-lightbox-title=\"Scanloader Konsolenetagen\" data-elementor-lightbox-description=\"Scanloader Konsolenetagen, mit automatischem Vorschub, f\u00fcr vorhandene K\u00fchlm\u00f6bel mit geraden Etagen\" data-e-action-hash=\"#elementor-action%3Aaction%3Dlightbox%26settings%3DeyJpZCI6OTcxLCJ1cmwiOiJodHRwczpcL1wvc2NhbnRlY2gyNS53ZWJzaG93Lm1lXC93cC1jb250ZW50XC91cGxvYWRzXC8yMDI1XC8wOVwvdGFua3N0ZWxsZTUuanBnIiwic2xpZGVzaG93IjoiMjNlZDQyNiJ9\">\n\t\t\t\t\t<div class=\"e-gallery-image elementor-gallery-item__image\" data-thumbnail=\"https:\/\/scantech25.webshow.me\/wp-content\/uploads\/2025\/09\/tankstelle5.jpg\" data-width=\"600\" data-height=\"800\" aria-label=\"Scanloader Konsolenetagen, mit automatischem Vorschub, f\u00fcr vorhandene K\u00fchlm\u00f6bel mit geraden Etagen\" role=\"img\" ><\/div>\n\t\t\t\t\t\t\t\t\t\t\t<div class=\"elementor-gallery-item__overlay\"><\/div>\n\t\t\t\t\t\t\t\t\t\t\t\t\t\t\t<div class=\"elementor-gallery-item__content\">\n\t\t\t\t\t\t\t\t\t\t\t\t\t\t<div class=\"elementor-gallery-item__description\">\n\t\t\t\t\t\t\t\t\t\t\t\t\t\t\t\t\t\tScanloader Konsolenetagen, mit automatischem Vorschub, f\u00fcr vorhandene K\u00fchlm\u00f6bel mit geraden Etagen\t\t\t\t\t\t\t\t<\/div>\n\t\t\t\t\t\t\t\t\t\t\t\t<\/div>\n\t\t\t\t\t\t\t\t\t<\/a>\n\t\t\t\t\t\t\t<a class=\"e-gallery-item elementor-gallery-item elementor-animated-content\" href=\"https:\/\/scantech25.webshow.me\/wp-content\/uploads\/2025\/08\/tankstelle3.jpg\" data-elementor-open-lightbox=\"yes\" data-elementor-lightbox-slideshow=\"23ed426\" data-elementor-lightbox-title=\"Scaneton Wall\" data-elementor-lightbox-description=\"Scaneton Wall, hinten lagern und direkt gek\u00fchlt in das Regalsystem einr\u00e4umen\" data-e-action-hash=\"#elementor-action%3Aaction%3Dlightbox%26settings%3DeyJpZCI6ODU1LCJ1cmwiOiJodHRwczpcL1wvc2NhbnRlY2gyNS53ZWJzaG93Lm1lXC93cC1jb250ZW50XC91cGxvYWRzXC8yMDI1XC8wOFwvdGFua3N0ZWxsZTMuanBnIiwic2xpZGVzaG93IjoiMjNlZDQyNiJ9\">\n\t\t\t\t\t<div class=\"e-gallery-image elementor-gallery-item__image\" data-thumbnail=\"https:\/\/scantech25.webshow.me\/wp-content\/uploads\/2025\/08\/tankstelle3.jpg\" data-width=\"1200\" data-height=\"800\" aria-label=\"Scaneton Wall, hinten lagern und direkt gek\u00fchlt in das Regalsystem einr\u00e4umen\" role=\"img\" ><\/div>\n\t\t\t\t\t\t\t\t\t\t\t<div class=\"elementor-gallery-item__overlay\"><\/div>\n\t\t\t\t\t\t\t\t\t\t\t\t\t\t\t<div class=\"elementor-gallery-item__content\">\n\t\t\t\t\t\t\t\t\t\t\t\t\t\t<div class=\"elementor-gallery-item__description\">\n\t\t\t\t\t\t\t\t\t\t\t\t\t\t\t\t\t\tScaneton Wall, hinten lagern und direkt gek\u00fchlt in das Regalsystem einr\u00e4umen\t\t\t\t\t\t\t\t<\/div>\n\t\t\t\t\t\t\t\t\t\t\t\t<\/div>\n\t\t\t\t\t\t\t\t\t<\/a>\n\t\t\t\t\t\t\t<a class=\"e-gallery-item elementor-gallery-item elementor-animated-content\" href=\"https:\/\/scantech25.webshow.me\/wp-content\/uploads\/2025\/08\/tankstelle4.jpg\" data-elementor-open-lightbox=\"yes\" data-elementor-lightbox-slideshow=\"23ed426\" data-elementor-lightbox-title=\"Scaneton Front\" data-elementor-lightbox-description=\"Scaneton Front mit Auszugetagen f\u00fcr den kleinen Platzbedarf zum direkt von hinten Beladen der Etagen\" data-e-action-hash=\"#elementor-action%3Aaction%3Dlightbox%26settings%3DeyJpZCI6ODU2LCJ1cmwiOiJodHRwczpcL1wvc2NhbnRlY2gyNS53ZWJzaG93Lm1lXC93cC1jb250ZW50XC91cGxvYWRzXC8yMDI1XC8wOFwvdGFua3N0ZWxsZTQuanBnIiwic2xpZGVzaG93IjoiMjNlZDQyNiJ9\">\n\t\t\t\t\t<div class=\"e-gallery-image elementor-gallery-item__image\" data-thumbnail=\"https:\/\/scantech25.webshow.me\/wp-content\/uploads\/2025\/08\/tankstelle4.jpg\" data-width=\"532\" data-height=\"800\" aria-label=\"Scaneton Front mit Auszugetagen f\u00fcr den kleinen Platzbedarf zum direkt von hinten Beladen der Etagen\" role=\"img\" ><\/div>\n\t\t\t\t\t\t\t\t\t\t\t<div class=\"elementor-gallery-item__overlay\"><\/div>\n\t\t\t\t\t\t\t\t\t\t\t\t\t\t\t<div class=\"elementor-gallery-item__content\">\n\t\t\t\t\t\t\t\t\t\t\t\t\t\t<div class=\"elementor-gallery-item__description\">\n\t\t\t\t\t\t\t\t\t\t\t\t\t\t\t\t\t\tScaneton Front mit Auszugetagen f\u00fcr den kleinen Platzbedarf zum direkt von hinten Beladen der Etagen\t\t\t\t\t\t\t\t<\/div>\n\t\t\t\t\t\t\t\t\t\t\t\t<\/div>\n\t\t\t\t\t\t\t\t\t<\/a>\n\t\t\t\t\t<\/div>\n\t\t\t\t\t<\/div>\n\t\t\t\t<\/div>\n\t\t<div class=\"elementor-element elementor-element-844c1bd e-con-full e-flex e-con e-parent\" data-id=\"844c1bd\" data-element_type=\"container\">\n\t\t\t\t<div class=\"elementor-element elementor-element-305f4cb elementor-widget elementor-widget-heading\" data-id=\"305f4cb\" data-element_type=\"widget\" data-widget_type=\"heading.default\">\n\t\t\t\t\t<h2 class=\"elementor-heading-title elementor-size-default\">Mehr Kundenzufriedenheit durch   Scaneton Front mit Auszugetagen<\/h2>\t\t\t\t<\/div>\n\t\t\t\t<div class=\"elementor-element elementor-element-9398cc9 elementor-widget__width-inherit elementor-widget elementor-widget-beaf-slider\" data-id=\"9398cc9\" data-element_type=\"widget\" data-widget_type=\"beaf-slider.default\">\n\t\t\t\t<div class=\"elementor-widget-container\">\n\t\t\t\t\t\n\t\t\t\n\t\t\t<div class=\"bafg-twentytwenty-container slider-836  \"\n\t\t\t\tbafg-orientation=\"horizontal\" bafg-default-offset=\"0.5\"\n\t\t\t\tbafg-before-label=\"Vorher\"\n\t\t\t\tbafg-after-label=\"Nachher\" bafg-overlay=\"1\"\n\t\t\t\tbafg-move-slider-on-hover=\"\"\n\t\t\t\tbafg-click-to-move=\"\">\n\n\t\t\t\t\t\t\t\t<img class=\"skip-lazy\" data-skip-lazy\t\t\t\t\tsrc=\"https:\/\/scantech25.webshow.me\/wp-content\/uploads\/2025\/08\/tankstelle_before.jpg\" alt=\"Vorher\">\n\t\t\t\t<img class=\"skip-lazy\" data-skip-lazy\t\t\t\t\tsrc=\"https:\/\/scantech25.webshow.me\/wp-content\/uploads\/2025\/08\/tankstelle_after.jpg\" alt=\"Nachher\">\n\n\t\t\t<\/div>\n\n\t\t\t\n\t\t\t<style type=\"text\/css\">\n\t\t\t\t\t\t\t\t\t\t\t<\/style>\n\t\t\t\t\t\t\t<\/div>\n\t\t\t\t<\/div>\n\t\t\t\t<\/div>\n\t\t<div class=\"elementor-element elementor-element-4e81e83 e-con-full e-flex e-con e-parent\" data-id=\"4e81e83\" data-element_type=\"container\">\n\t\t\t\t<div class=\"elementor-element elementor-element-291f038 elementor-align-center elementor-widget elementor-widget-button\" data-id=\"291f038\" data-element_type=\"widget\" data-widget_type=\"button.default\">\n\t\t\t\t\t\t\t\t\t\t<a class=\"elementor-button elementor-button-link elementor-size-sm\" href=\"https:\/\/scantech25.webshow.me\/index.php\/vorteile\/\">\n\t\t\t\t\t\t<span class=\"elementor-button-content-wrapper\">\n\t\t\t\t\t\t\t\t\t<span class=\"elementor-button-text\">Lernen Sie die Vorteile unserer Systeme kennen<\/span>\n\t\t\t\t\t<\/span>\n\t\t\t\t\t<\/a>\n\t\t\t\t\t\t\t\t<\/div>\n\t\t\t\t<\/div>\n\t\t\t\t<\/div>\n\t\t","protected":false},"excerpt":{"rendered":"<p>Ihre L\u00f6sungen im Bereich Tankstelle mit Scanloader Regalsystemen Scanloader Regalsystem L\u00f6sung in unterschiedlichen Breiten, passend zu den Entnahmet\u00fcren (660, 760, 970, 1000, 1200,1250) Scanloader Konsolenetagen, mit automatischem Vorschub, f\u00fcr vorhandene K\u00fchlm\u00f6bel mit geraden Etagen Scaneton Wall, hinten lagern und direkt gek\u00fchlt in das Regalsystem einr\u00e4umen Scaneton Front mit Auszugetagen f\u00fcr den kleinen Platzbedarf zum direkt [&hellip;]<\/p>\n","protected":false},"author":1,"featured_media":0,"parent":0,"menu_order":0,"comment_status":"closed","ping_status":"closed","template":"","meta":{"ocean_post_layout":"","ocean_both_sidebars_style":"","ocean_both_sidebars_content_width":0,"ocean_both_sidebars_sidebars_width":0,"ocean_sidebar":"","ocean_second_sidebar":"","ocean_disable_margins":"enable","ocean_add_body_class":"","ocean_shortcode_before_top_bar":"","ocean_shortcode_after_top_bar":"","ocean_shortcode_before_header":"","ocean_shortcode_after_header":"","ocean_has_shortcode":"","ocean_shortcode_after_title":"","ocean_shortcode_before_footer_widgets":"","ocean_shortcode_after_footer_widgets":"","ocean_shortcode_before_footer_bottom":"","ocean_shortcode_after_footer_bottom":"","ocean_display_top_bar":"default","ocean_display_header":"default","ocean_header_style":"","ocean_center_header_left_menu":"","ocean_custom_header_template":"","ocean_custom_logo":0,"ocean_custom_retina_logo":0,"ocean_custom_logo_max_width":0,"ocean_custom_logo_tablet_max_width":0,"ocean_custom_logo_mobile_max_width":0,"ocean_custom_logo_max_height":0,"ocean_custom_logo_tablet_max_height":0,"ocean_custom_logo_mobile_max_height":0,"ocean_header_custom_menu":"","ocean_menu_typo_font_family":"","ocean_menu_typo_font_subset":"","ocean_menu_typo_font_size":0,"ocean_menu_typo_font_size_tablet":0,"ocean_menu_typo_font_size_mobile":0,"ocean_menu_typo_font_size_unit":"px","ocean_menu_typo_font_weight":"","ocean_menu_typo_font_weight_tablet":"","ocean_menu_typo_font_weight_mobile":"","ocean_menu_typo_transform":"","ocean_menu_typo_transform_tablet":"","ocean_menu_typo_transform_mobile":"","ocean_menu_typo_line_height":0,"ocean_menu_typo_line_height_tablet":0,"ocean_menu_typo_line_height_mobile":0,"ocean_menu_typo_line_height_unit":"","ocean_menu_typo_spacing":0,"ocean_menu_typo_spacing_tablet":0,"ocean_menu_typo_spacing_mobile":0,"ocean_menu_typo_spacing_unit":"","ocean_menu_link_color":"","ocean_menu_link_color_hover":"","ocean_menu_link_color_active":"","ocean_menu_link_background":"","ocean_menu_link_hover_background":"","ocean_menu_link_active_background":"","ocean_menu_social_links_bg":"","ocean_menu_social_hover_links_bg":"","ocean_menu_social_links_color":"","ocean_menu_social_hover_links_color":"","ocean_disable_title":"default","ocean_disable_heading":"default","ocean_post_title":"","ocean_post_subheading":"","ocean_post_title_style":"","ocean_post_title_background_color":"","ocean_post_title_background":0,"ocean_post_title_bg_image_position":"","ocean_post_title_bg_image_attachment":"","ocean_post_title_bg_image_repeat":"","ocean_post_title_bg_image_size":"","ocean_post_title_height":0,"ocean_post_title_bg_overlay":0.5,"ocean_post_title_bg_overlay_color":"","ocean_disable_breadcrumbs":"default","ocean_breadcrumbs_color":"","ocean_breadcrumbs_separator_color":"","ocean_breadcrumbs_links_color":"","ocean_breadcrumbs_links_hover_color":"","ocean_display_footer_widgets":"default","ocean_display_footer_bottom":"default","ocean_custom_footer_template":"","footnotes":""},"class_list":["post-828","page","type-page","status-publish","hentry","entry"],"_links":{"self":[{"href":"https:\/\/scantech25.webshow.me\/index.php\/wp-json\/wp\/v2\/pages\/828","targetHints":{"allow":["GET"]}}],"collection":[{"href":"https:\/\/scantech25.webshow.me\/index.php\/wp-json\/wp\/v2\/pages"}],"about":[{"href":"https:\/\/scantech25.webshow.me\/index.php\/wp-json\/wp\/v2\/types\/page"}],"author":[{"embeddable":true,"href":"https:\/\/scantech25.webshow.me\/index.php\/wp-json\/wp\/v2\/users\/1"}],"replies":[{"embeddable":true,"href":"https:\/\/scantech25.webshow.me\/index.php\/wp-json\/wp\/v2\/comments?post=828"}],"version-history":[{"count":40,"href":"https:\/\/scantech25.webshow.me\/index.php\/wp-json\/wp\/v2\/pages\/828\/revisions"}],"predecessor-version":[{"id":980,"href":"https:\/\/scantech25.webshow.me\/index.php\/wp-json\/wp\/v2\/pages\/828\/revisions\/980"}],"wp:attachment":[{"href":"https:\/\/scantech25.webshow.me\/index.php\/wp-json\/wp\/v2\/media?parent=828"}],"curies":[{"name":"wp","href":"https:\/\/api.w.org\/{rel}","templated":true}]}}