{"id":866,"date":"2025-08-27T13:03:08","date_gmt":"2025-08-27T13:03:08","guid":{"rendered":"https:\/\/scantech25.webshow.me\/?page_id=866"},"modified":"2025-09-16T10:15:40","modified_gmt":"2025-09-16T10:15:40","slug":"supermarkt","status":"publish","type":"page","link":"https:\/\/scantech25.webshow.me\/index.php\/supermarkt\/","title":{"rendered":"Supermarkt"},"content":{"rendered":"\t\t<div data-elementor-type=\"wp-page\" data-elementor-id=\"866\" class=\"elementor elementor-866\" data-elementor-post-type=\"page\">\n\t\t\t\t<div class=\"elementor-element elementor-element-b393af7 e-con-full e-flex e-con e-parent\" data-id=\"b393af7\" data-element_type=\"container\">\n\t\t\t\t<div class=\"elementor-element elementor-element-55caddf elementor-widget elementor-widget-heading\" data-id=\"55caddf\" data-element_type=\"widget\" data-widget_type=\"heading.default\">\n\t\t\t\t\t<h1 class=\"elementor-heading-title elementor-size-default\">Ihre L\u00f6sungen im Bereich Supermarkt<\/h1>\t\t\t\t<\/div>\n\t\t\t\t<div class=\"elementor-element elementor-element-f9ef428 elementor-widget elementor-widget-text-editor\" data-id=\"f9ef428\" data-element_type=\"widget\" data-widget_type=\"text-editor.default\">\n\t\t\t\t\t\t\t\t\t<p>K\u00fchlung ist ein zentrales Problem im Einzelhandel: Sie muss nicht nur zuverl\u00e4ssig sein, sondern auch energieeffizient und praktisch in der Handhabung. Innovative L\u00f6sungen f\u00fcr K\u00fchlregale im Supermarkt k\u00f6nnen dabei helfen, Verluste durch abgelaufene Produkte zu reduzieren und gleichzeitig wertvolle Ressourcen zu sparen.<\/p>\t\t\t\t\t\t\t\t<\/div>\n\t\t\t\t<\/div>\n\t\t<div class=\"elementor-element elementor-element-7dbf66e e-con-full e-flex e-con e-parent\" data-id=\"7dbf66e\" data-element_type=\"container\">\n\t\t\t\t<div class=\"elementor-element elementor-element-23ed426 elementor-widget elementor-widget-gallery\" data-id=\"23ed426\" data-element_type=\"widget\" data-settings=\"{&quot;gap&quot;:{&quot;unit&quot;:&quot;px&quot;,&quot;size&quot;:30,&quot;sizes&quot;:[]},&quot;aspect_ratio&quot;:&quot;4:3&quot;,&quot;overlay_description&quot;:&quot;description&quot;,&quot;lazyload&quot;:&quot;yes&quot;,&quot;gallery_layout&quot;:&quot;grid&quot;,&quot;columns&quot;:4,&quot;columns_tablet&quot;:2,&quot;columns_mobile&quot;:1,&quot;gap_tablet&quot;:{&quot;unit&quot;:&quot;px&quot;,&quot;size&quot;:10,&quot;sizes&quot;:[]},&quot;gap_mobile&quot;:{&quot;unit&quot;:&quot;px&quot;,&quot;size&quot;:10,&quot;sizes&quot;:[]},&quot;link_to&quot;:&quot;file&quot;,&quot;overlay_background&quot;:&quot;yes&quot;,&quot;content_hover_animation&quot;:&quot;fade-in&quot;}\" data-widget_type=\"gallery.default\">\n\t\t\t\t\t\t\t<div class=\"elementor-gallery__container\">\n\t\t\t\t\t\t\t<a class=\"e-gallery-item elementor-gallery-item elementor-animated-content\" href=\"https:\/\/scantech25.webshow.me\/wp-content\/uploads\/2025\/08\/supermarkt1.jpg\" data-elementor-open-lightbox=\"yes\" data-elementor-lightbox-slideshow=\"23ed426\" data-elementor-lightbox-title=\"Scaneton Front\" data-elementor-lightbox-description=\"Scaneton Front mit Auszugetagen auch f\u00fcr Obst und Gem\u00fcse\" data-e-action-hash=\"#elementor-action%3Aaction%3Dlightbox%26settings%3DeyJpZCI6ODcxLCJ1cmwiOiJodHRwczpcL1wvc2NhbnRlY2gyNS53ZWJzaG93Lm1lXC93cC1jb250ZW50XC91cGxvYWRzXC8yMDI1XC8wOFwvc3VwZXJtYXJrdDEuanBnIiwic2xpZGVzaG93IjoiMjNlZDQyNiJ9\">\n\t\t\t\t\t<div class=\"e-gallery-image elementor-gallery-item__image\" data-thumbnail=\"https:\/\/scantech25.webshow.me\/wp-content\/uploads\/2025\/08\/supermarkt1.jpg\" data-width=\"1200\" data-height=\"428\" aria-label=\"Scaneton Front mit Auszugetagen auch f\u00fcr Obst und Gem\u00fcse\" role=\"img\" ><\/div>\n\t\t\t\t\t\t\t\t\t\t\t<div class=\"elementor-gallery-item__overlay\"><\/div>\n\t\t\t\t\t\t\t\t\t\t\t\t\t\t\t<div class=\"elementor-gallery-item__content\">\n\t\t\t\t\t\t\t\t\t\t\t\t\t\t<div class=\"elementor-gallery-item__description\">\n\t\t\t\t\t\t\t\t\t\t\t\t\t\t\t\t\t\tScaneton Front mit Auszugetagen auch f\u00fcr Obst und Gem\u00fcse\t\t\t\t\t\t\t\t<\/div>\n\t\t\t\t\t\t\t\t\t\t\t\t<\/div>\n\t\t\t\t\t\t\t\t\t<\/a>\n\t\t\t\t\t\t\t<a class=\"e-gallery-item elementor-gallery-item elementor-animated-content\" href=\"https:\/\/scantech25.webshow.me\/wp-content\/uploads\/2025\/08\/supermarkt2.jpg\" data-elementor-open-lightbox=\"yes\" data-elementor-lightbox-slideshow=\"23ed426\" data-elementor-lightbox-title=\"Scaneton Wall\" data-elementor-lightbox-description=\"Scaneton Wall, Lagerraum und von hinten beladbares Entnahmeregal in einem\" data-e-action-hash=\"#elementor-action%3Aaction%3Dlightbox%26settings%3DeyJpZCI6ODcyLCJ1cmwiOiJodHRwczpcL1wvc2NhbnRlY2gyNS53ZWJzaG93Lm1lXC93cC1jb250ZW50XC91cGxvYWRzXC8yMDI1XC8wOFwvc3VwZXJtYXJrdDIuanBnIiwic2xpZGVzaG93IjoiMjNlZDQyNiJ9\">\n\t\t\t\t\t<div class=\"e-gallery-image elementor-gallery-item__image\" data-thumbnail=\"https:\/\/scantech25.webshow.me\/wp-content\/uploads\/2025\/08\/supermarkt2.jpg\" data-width=\"1200\" data-height=\"900\" aria-label=\"Scaneton Wall, Lagerraum und von hinten beladbares Entnahmeregal in einem\" role=\"img\" ><\/div>\n\t\t\t\t\t\t\t\t\t\t\t<div class=\"elementor-gallery-item__overlay\"><\/div>\n\t\t\t\t\t\t\t\t\t\t\t\t\t\t\t<div class=\"elementor-gallery-item__content\">\n\t\t\t\t\t\t\t\t\t\t\t\t\t\t<div class=\"elementor-gallery-item__description\">\n\t\t\t\t\t\t\t\t\t\t\t\t\t\t\t\t\t\tScaneton Wall, Lagerraum und von hinten beladbares Entnahmeregal in einem\t\t\t\t\t\t\t\t<\/div>\n\t\t\t\t\t\t\t\t\t\t\t\t<\/div>\n\t\t\t\t\t\t\t\t\t<\/a>\n\t\t\t\t\t\t\t<a class=\"e-gallery-item elementor-gallery-item elementor-animated-content\" href=\"https:\/\/scantech25.webshow.me\/wp-content\/uploads\/2025\/08\/supermarkt3.jpg\" data-elementor-open-lightbox=\"yes\" data-elementor-lightbox-slideshow=\"23ed426\" data-elementor-lightbox-title=\"Scaneton Wall von innen\" data-elementor-lightbox-description=\"Scaneton Wall von innen, hier sieht man Lagerung und Beladung, von hinten direkt m\u00f6glich\" data-e-action-hash=\"#elementor-action%3Aaction%3Dlightbox%26settings%3DeyJpZCI6ODczLCJ1cmwiOiJodHRwczpcL1wvc2NhbnRlY2gyNS53ZWJzaG93Lm1lXC93cC1jb250ZW50XC91cGxvYWRzXC8yMDI1XC8wOFwvc3VwZXJtYXJrdDMuanBnIiwic2xpZGVzaG93IjoiMjNlZDQyNiJ9\">\n\t\t\t\t\t<div class=\"e-gallery-image elementor-gallery-item__image\" data-thumbnail=\"https:\/\/scantech25.webshow.me\/wp-content\/uploads\/2025\/08\/supermarkt3.jpg\" data-width=\"600\" data-height=\"800\" aria-label=\"Scaneton Wall von innen, hier sieht man Lagerung und Beladung, von hinten direkt m\u00f6glich\" role=\"img\" ><\/div>\n\t\t\t\t\t\t\t\t\t\t\t<div class=\"elementor-gallery-item__overlay\"><\/div>\n\t\t\t\t\t\t\t\t\t\t\t\t\t\t\t<div class=\"elementor-gallery-item__content\">\n\t\t\t\t\t\t\t\t\t\t\t\t\t\t<div class=\"elementor-gallery-item__description\">\n\t\t\t\t\t\t\t\t\t\t\t\t\t\t\t\t\t\tScaneton Wall von innen, hier sieht man Lagerung und Beladung, von hinten direkt m\u00f6glich\t\t\t\t\t\t\t\t<\/div>\n\t\t\t\t\t\t\t\t\t\t\t\t<\/div>\n\t\t\t\t\t\t\t\t\t<\/a>\n\t\t\t\t\t\t\t<a class=\"e-gallery-item elementor-gallery-item elementor-animated-content\" href=\"https:\/\/scantech25.webshow.me\/wp-content\/uploads\/2025\/09\/supermarkt5.jpg\" data-elementor-open-lightbox=\"yes\" data-elementor-lightbox-slideshow=\"23ed426\" data-elementor-lightbox-title=\"Scaneton Island\" data-elementor-lightbox-description=\"Scaneton Island, flexibel im Standort, begehbar und an 3 Regalseiten von Ihnen, f\u00fcr die Kunden bef\u00fcllbar\" data-e-action-hash=\"#elementor-action%3Aaction%3Dlightbox%26settings%3DeyJpZCI6OTg1LCJ1cmwiOiJodHRwczpcL1wvc2NhbnRlY2gyNS53ZWJzaG93Lm1lXC93cC1jb250ZW50XC91cGxvYWRzXC8yMDI1XC8wOVwvc3VwZXJtYXJrdDUuanBnIiwic2xpZGVzaG93IjoiMjNlZDQyNiJ9\">\n\t\t\t\t\t<div class=\"e-gallery-image elementor-gallery-item__image\" data-thumbnail=\"https:\/\/scantech25.webshow.me\/wp-content\/uploads\/2025\/09\/supermarkt5.jpg\" data-width=\"1200\" data-height=\"900\" aria-label=\"Scaneton Island, flexibel im Standort, begehbar und an 3 Regalseiten von Ihnen, f\u00fcr die Kunden bef\u00fcllbar\" role=\"img\" ><\/div>\n\t\t\t\t\t\t\t\t\t\t\t<div class=\"elementor-gallery-item__overlay\"><\/div>\n\t\t\t\t\t\t\t\t\t\t\t\t\t\t\t<div class=\"elementor-gallery-item__content\">\n\t\t\t\t\t\t\t\t\t\t\t\t\t\t<div class=\"elementor-gallery-item__description\">\n\t\t\t\t\t\t\t\t\t\t\t\t\t\t\t\t\t\tScaneton Island, flexibel im Standort, begehbar und an 3 Regalseiten von Ihnen, f\u00fcr die Kunden bef\u00fcllbar\t\t\t\t\t\t\t\t<\/div>\n\t\t\t\t\t\t\t\t\t\t\t\t<\/div>\n\t\t\t\t\t\t\t\t\t<\/a>\n\t\t\t\t\t\t\t<a class=\"e-gallery-item elementor-gallery-item elementor-animated-content\" href=\"https:\/\/scantech25.webshow.me\/wp-content\/uploads\/2025\/09\/supermarkt6.jpg\" data-elementor-open-lightbox=\"yes\" data-elementor-lightbox-slideshow=\"23ed426\" data-elementor-lightbox-title=\"Scaneton Island-S\" data-elementor-lightbox-description=\"Scaneton Island-S geringe Standfl\u00e4che, mit Auszugetagen\" data-e-action-hash=\"#elementor-action%3Aaction%3Dlightbox%26settings%3DeyJpZCI6OTg5LCJ1cmwiOiJodHRwczpcL1wvc2NhbnRlY2gyNS53ZWJzaG93Lm1lXC93cC1jb250ZW50XC91cGxvYWRzXC8yMDI1XC8wOVwvc3VwZXJtYXJrdDYuanBnIiwic2xpZGVzaG93IjoiMjNlZDQyNiJ9\">\n\t\t\t\t\t<div class=\"e-gallery-image elementor-gallery-item__image\" data-thumbnail=\"https:\/\/scantech25.webshow.me\/wp-content\/uploads\/2025\/09\/supermarkt6.jpg\" data-width=\"1200\" data-height=\"900\" aria-label=\"Scaneton Island-S geringe Standfl\u00e4che, mit Auszugetagen\" role=\"img\" ><\/div>\n\t\t\t\t\t\t\t\t\t\t\t<div class=\"elementor-gallery-item__overlay\"><\/div>\n\t\t\t\t\t\t\t\t\t\t\t\t\t\t\t<div class=\"elementor-gallery-item__content\">\n\t\t\t\t\t\t\t\t\t\t\t\t\t\t<div class=\"elementor-gallery-item__description\">\n\t\t\t\t\t\t\t\t\t\t\t\t\t\t\t\t\t\tScaneton Island-S geringe Standfl\u00e4che, mit Auszugetagen\t\t\t\t\t\t\t\t<\/div>\n\t\t\t\t\t\t\t\t\t\t\t\t<\/div>\n\t\t\t\t\t\t\t\t\t<\/a>\n\t\t\t\t\t\t\t<a class=\"e-gallery-item elementor-gallery-item elementor-animated-content\" href=\"https:\/\/scantech25.webshow.me\/wp-content\/uploads\/2025\/09\/supermarkt7.jpg\" data-elementor-open-lightbox=\"yes\" data-elementor-lightbox-slideshow=\"23ed426\" data-elementor-lightbox-title=\"Scanloader Regalsystem mit automatischem Vorschub\" data-elementor-lightbox-description=\"Scanloader Regalsystem mit automatischem Vorschub, in unterschiedlichen Breiten und Tiefen hinter Entnahmet\u00fcren, hier 2 T\u00fcren in einem Rahmen\" data-e-action-hash=\"#elementor-action%3Aaction%3Dlightbox%26settings%3DeyJpZCI6OTkzLCJ1cmwiOiJodHRwczpcL1wvc2NhbnRlY2gyNS53ZWJzaG93Lm1lXC93cC1jb250ZW50XC91cGxvYWRzXC8yMDI1XC8wOVwvc3VwZXJtYXJrdDcuanBnIiwic2xpZGVzaG93IjoiMjNlZDQyNiJ9\">\n\t\t\t\t\t<div class=\"e-gallery-image elementor-gallery-item__image\" data-thumbnail=\"https:\/\/scantech25.webshow.me\/wp-content\/uploads\/2025\/09\/supermarkt7.jpg\" data-width=\"1200\" data-height=\"900\" aria-label=\"Scanloader Regalsystem mit automatischem Vorschub, in unterschiedlichen Breiten und Tiefen hinter Entnahmet\u00fcren, hier 2 T\u00fcren in einem Rahmen\" role=\"img\" ><\/div>\n\t\t\t\t\t\t\t\t\t\t\t<div class=\"elementor-gallery-item__overlay\"><\/div>\n\t\t\t\t\t\t\t\t\t\t\t\t\t\t\t<div class=\"elementor-gallery-item__content\">\n\t\t\t\t\t\t\t\t\t\t\t\t\t\t<div class=\"elementor-gallery-item__description\">\n\t\t\t\t\t\t\t\t\t\t\t\t\t\t\t\t\t\tScanloader Regalsystem mit automatischem Vorschub, in unterschiedlichen Breiten und Tiefen hinter Entnahmet\u00fcren, hier 2 T\u00fcren in einem Rahmen\t\t\t\t\t\t\t\t<\/div>\n\t\t\t\t\t\t\t\t\t\t\t\t<\/div>\n\t\t\t\t\t\t\t\t\t<\/a>\n\t\t\t\t\t\t\t<a class=\"e-gallery-item elementor-gallery-item elementor-animated-content\" href=\"https:\/\/scantech25.webshow.me\/wp-content\/uploads\/2025\/09\/supermarkt8.jpg\" data-elementor-open-lightbox=\"yes\" data-elementor-lightbox-slideshow=\"23ed426\" data-elementor-lightbox-title=\"Scaneton Front mit Auszugetagen\" data-elementor-lightbox-description=\"Scaneton Front mit Auszugetagen, 86cm Tiefe\" data-e-action-hash=\"#elementor-action%3Aaction%3Dlightbox%26settings%3DeyJpZCI6OTk3LCJ1cmwiOiJodHRwczpcL1wvc2NhbnRlY2gyNS53ZWJzaG93Lm1lXC93cC1jb250ZW50XC91cGxvYWRzXC8yMDI1XC8wOVwvc3VwZXJtYXJrdDguanBnIiwic2xpZGVzaG93IjoiMjNlZDQyNiJ9\">\n\t\t\t\t\t<div class=\"e-gallery-image elementor-gallery-item__image\" data-thumbnail=\"https:\/\/scantech25.webshow.me\/wp-content\/uploads\/2025\/09\/supermarkt8.jpg\" data-width=\"1130\" data-height=\"570\" aria-label=\"Scaneton Front mit Auszugetagen, 86cm Tiefe\" role=\"img\" ><\/div>\n\t\t\t\t\t\t\t\t\t\t\t<div class=\"elementor-gallery-item__overlay\"><\/div>\n\t\t\t\t\t\t\t\t\t\t\t\t\t\t\t<div class=\"elementor-gallery-item__content\">\n\t\t\t\t\t\t\t\t\t\t\t\t\t\t<div class=\"elementor-gallery-item__description\">\n\t\t\t\t\t\t\t\t\t\t\t\t\t\t\t\t\t\tScaneton Front mit Auszugetagen, 86cm Tiefe\t\t\t\t\t\t\t\t<\/div>\n\t\t\t\t\t\t\t\t\t\t\t\t<\/div>\n\t\t\t\t\t\t\t\t\t<\/a>\n\t\t\t\t\t\t\t<a class=\"e-gallery-item elementor-gallery-item elementor-animated-content\" href=\"https:\/\/scantech25.webshow.me\/wp-content\/uploads\/2025\/09\/supermarkt9.jpg\" data-elementor-open-lightbox=\"yes\" data-elementor-lightbox-slideshow=\"23ed426\" data-elementor-lightbox-title=\"Konsolenetagen zum Einh\u00e4ngen in vorhandene K\u00fchlm\u00f6bel\" data-elementor-lightbox-description=\"Konsolenetagen zum Einh\u00e4ngen in vorhandene K\u00fchlm\u00f6bel, um das automatische Vorschubsystem des Scanloaders, nutzen zu k\u00f6nnen\" data-e-action-hash=\"#elementor-action%3Aaction%3Dlightbox%26settings%3DeyJpZCI6MTAwMSwidXJsIjoiaHR0cHM6XC9cL3NjYW50ZWNoMjUud2Vic2hvdy5tZVwvd3AtY29udGVudFwvdXBsb2Fkc1wvMjAyNVwvMDlcL3N1cGVybWFya3Q5LmpwZyIsInNsaWRlc2hvdyI6IjIzZWQ0MjYifQ%3D%3D\">\n\t\t\t\t\t<div class=\"e-gallery-image elementor-gallery-item__image\" data-thumbnail=\"https:\/\/scantech25.webshow.me\/wp-content\/uploads\/2025\/09\/supermarkt9.jpg\" data-width=\"1200\" data-height=\"900\" aria-label=\"Konsolenetagen zum Einh\u00e4ngen in vorhandene K\u00fchlm\u00f6bel, um das automatische Vorschubsystem des Scanloaders, nutzen zu k\u00f6nnen\" role=\"img\" ><\/div>\n\t\t\t\t\t\t\t\t\t\t\t<div class=\"elementor-gallery-item__overlay\"><\/div>\n\t\t\t\t\t\t\t\t\t\t\t\t\t\t\t<div class=\"elementor-gallery-item__content\">\n\t\t\t\t\t\t\t\t\t\t\t\t\t\t<div class=\"elementor-gallery-item__description\">\n\t\t\t\t\t\t\t\t\t\t\t\t\t\t\t\t\t\tKonsolenetagen zum Einh\u00e4ngen in vorhandene K\u00fchlm\u00f6bel, um das automatische Vorschubsystem des Scanloaders, nutzen zu k\u00f6nnen\t\t\t\t\t\t\t\t<\/div>\n\t\t\t\t\t\t\t\t\t\t\t\t<\/div>\n\t\t\t\t\t\t\t\t\t<\/a>\n\t\t\t\t\t<\/div>\n\t\t\t\t\t<\/div>\n\t\t\t\t<\/div>\n\t\t<div class=\"elementor-element elementor-element-4e81e83 e-con-full e-flex e-con e-parent\" data-id=\"4e81e83\" data-element_type=\"container\">\n\t\t\t\t<div class=\"elementor-element elementor-element-291f038 elementor-align-center elementor-widget elementor-widget-button\" data-id=\"291f038\" data-element_type=\"widget\" data-widget_type=\"button.default\">\n\t\t\t\t\t\t\t\t\t\t<a class=\"elementor-button elementor-button-link elementor-size-sm\" href=\"https:\/\/scantech25.webshow.me\/index.php\/vorteile\/\">\n\t\t\t\t\t\t<span class=\"elementor-button-content-wrapper\">\n\t\t\t\t\t\t\t\t\t<span class=\"elementor-button-text\">Lernen Sie die Vorteile unserer Systeme kennen<\/span>\n\t\t\t\t\t<\/span>\n\t\t\t\t\t<\/a>\n\t\t\t\t\t\t\t\t<\/div>\n\t\t\t\t<\/div>\n\t\t\t\t<\/div>\n\t\t","protected":false},"excerpt":{"rendered":"<p>Ihre L\u00f6sungen im Bereich Supermarkt K\u00fchlung ist ein zentrales Problem im Einzelhandel: Sie muss nicht nur zuverl\u00e4ssig sein, sondern auch energieeffizient und praktisch in der Handhabung. Innovative L\u00f6sungen f\u00fcr K\u00fchlregale im Supermarkt k\u00f6nnen dabei helfen, Verluste durch abgelaufene Produkte zu reduzieren und gleichzeitig wertvolle Ressourcen zu sparen. Scaneton Front mit Auszugetagen auch f\u00fcr Obst und [&hellip;]<\/p>\n","protected":false},"author":1,"featured_media":0,"parent":0,"menu_order":0,"comment_status":"closed","ping_status":"closed","template":"","meta":{"ocean_post_layout":"","ocean_both_sidebars_style":"","ocean_both_sidebars_content_width":0,"ocean_both_sidebars_sidebars_width":0,"ocean_sidebar":"","ocean_second_sidebar":"","ocean_disable_margins":"enable","ocean_add_body_class":"","ocean_shortcode_before_top_bar":"","ocean_shortcode_after_top_bar":"","ocean_shortcode_before_header":"","ocean_shortcode_after_header":"","ocean_has_shortcode":"","ocean_shortcode_after_title":"","ocean_shortcode_before_footer_widgets":"","ocean_shortcode_after_footer_widgets":"","ocean_shortcode_before_footer_bottom":"","ocean_shortcode_after_footer_bottom":"","ocean_display_top_bar":"default","ocean_display_header":"default","ocean_header_style":"","ocean_center_header_left_menu":"","ocean_custom_header_template":"","ocean_custom_logo":0,"ocean_custom_retina_logo":0,"ocean_custom_logo_max_width":0,"ocean_custom_logo_tablet_max_width":0,"ocean_custom_logo_mobile_max_width":0,"ocean_custom_logo_max_height":0,"ocean_custom_logo_tablet_max_height":0,"ocean_custom_logo_mobile_max_height":0,"ocean_header_custom_menu":"","ocean_menu_typo_font_family":"","ocean_menu_typo_font_subset":"","ocean_menu_typo_font_size":0,"ocean_menu_typo_font_size_tablet":0,"ocean_menu_typo_font_size_mobile":0,"ocean_menu_typo_font_size_unit":"px","ocean_menu_typo_font_weight":"","ocean_menu_typo_font_weight_tablet":"","ocean_menu_typo_font_weight_mobile":"","ocean_menu_typo_transform":"","ocean_menu_typo_transform_tablet":"","ocean_menu_typo_transform_mobile":"","ocean_menu_typo_line_height":0,"ocean_menu_typo_line_height_tablet":0,"ocean_menu_typo_line_height_mobile":0,"ocean_menu_typo_line_height_unit":"","ocean_menu_typo_spacing":0,"ocean_menu_typo_spacing_tablet":0,"ocean_menu_typo_spacing_mobile":0,"ocean_menu_typo_spacing_unit":"","ocean_menu_link_color":"","ocean_menu_link_color_hover":"","ocean_menu_link_color_active":"","ocean_menu_link_background":"","ocean_menu_link_hover_background":"","ocean_menu_link_active_background":"","ocean_menu_social_links_bg":"","ocean_menu_social_hover_links_bg":"","ocean_menu_social_links_color":"","ocean_menu_social_hover_links_color":"","ocean_disable_title":"default","ocean_disable_heading":"default","ocean_post_title":"","ocean_post_subheading":"","ocean_post_title_style":"","ocean_post_title_background_color":"","ocean_post_title_background":0,"ocean_post_title_bg_image_position":"","ocean_post_title_bg_image_attachment":"","ocean_post_title_bg_image_repeat":"","ocean_post_title_bg_image_size":"","ocean_post_title_height":0,"ocean_post_title_bg_overlay":0.5,"ocean_post_title_bg_overlay_color":"","ocean_disable_breadcrumbs":"default","ocean_breadcrumbs_color":"","ocean_breadcrumbs_separator_color":"","ocean_breadcrumbs_links_color":"","ocean_breadcrumbs_links_hover_color":"","ocean_display_footer_widgets":"default","ocean_display_footer_bottom":"default","ocean_custom_footer_template":"","footnotes":""},"class_list":["post-866","page","type-page","status-publish","hentry","entry"],"_links":{"self":[{"href":"https:\/\/scantech25.webshow.me\/index.php\/wp-json\/wp\/v2\/pages\/866","targetHints":{"allow":["GET"]}}],"collection":[{"href":"https:\/\/scantech25.webshow.me\/index.php\/wp-json\/wp\/v2\/pages"}],"about":[{"href":"https:\/\/scantech25.webshow.me\/index.php\/wp-json\/wp\/v2\/types\/page"}],"author":[{"embeddable":true,"href":"https:\/\/scantech25.webshow.me\/index.php\/wp-json\/wp\/v2\/users\/1"}],"replies":[{"embeddable":true,"href":"https:\/\/scantech25.webshow.me\/index.php\/wp-json\/wp\/v2\/comments?post=866"}],"version-history":[{"count":28,"href":"https:\/\/scantech25.webshow.me\/index.php\/wp-json\/wp\/v2\/pages\/866\/revisions"}],"predecessor-version":[{"id":1004,"href":"https:\/\/scantech25.webshow.me\/index.php\/wp-json\/wp\/v2\/pages\/866\/revisions\/1004"}],"wp:attachment":[{"href":"https:\/\/scantech25.webshow.me\/index.php\/wp-json\/wp\/v2\/media?parent=866"}],"curies":[{"name":"wp","href":"https:\/\/api.w.org\/{rel}","templated":true}]}}